{"id":35872,"date":"2024-02-11T15:02:30","date_gmt":"2024-02-11T15:02:30","guid":{"rendered":"https:\/\/www.allforhorses.ee\/?post_type=product&#038;p=35872"},"modified":"2024-06-17T07:49:59","modified_gmt":"2024-06-17T07:49:59","slug":"naopesuvaht","status":"publish","type":"product","link":"https:\/\/www.allforhorses.ee\/en\/toode\/naopesuvaht\/","title":{"rendered":"N\u00e4opesuvaht"},"content":{"rendered":"<p>N\u00e4opesuvaht \u2013 puhta, v\u00e4rske ja terve naha jaoks<br \/>\nPuhastusvaht on l\u00f5hnatu ja sobib ka neile, kellele ei meeldi tugevad l\u00f5hnaained kosmeetikatoodetes. Erinevalt teistest intensiivsetest pesuvahenditest puhastab see isegi naha s\u00fcgavamaid kihte ilma neid \u00e4rritamata v\u00f5i kahjustamata. See ei kuivata nahka ja aitab s\u00e4ilitada niiskustasakaalu. T\u00e4nu looduslikule koostisele muudab vaht naha pehmeks, v\u00e4rskeks ja puhtaks, taastades samal ajal pH-tasakaalu. Nahk saab tagasi oma loomuliku v\u00e4rvitooni ning on tugevam, tervema v\u00e4limusega ja s\u00e4ravam.<\/p>\n<p>Looduslikud koostisosad sobivad k\u00f5ikidele nahat\u00fc\u00fcpidele<br \/>\n&#8211; Gl\u00fctseriin &#8211; aitab s\u00e4ilitada naha niiskustasakaalu, sobib eriti h\u00e4sti kuivale ja tundlikule nahale.<br \/>\n&#8211; Pantenool &#8211; rahustab \u00e4rritunud, punetavat v\u00f5i s\u00fcgelevat nahka.<br \/>\n&#8211; Kookoshappe kloriidi ja \u00f5unamahla aminohapete kombinatsioon &#8211; vahutav pesuvahend, mis puhastab \u00f5rnalt, nahka kahjustamata.<br \/>\n&#8211; Sorbitool &#8211; looduslik s\u00fcsivesik, mida leidub puuviljades, k\u00f6\u00f6giviljades ja inimkehas. Toimib efektiivse niisutajana ja toetab naha mikrobioomi tasakaalu.<br \/>\n&#8211; Karbamiid &#8211; efektiivne abivahend kuiva naha puhul. Niisutab s\u00fcgavuti, taastab naha kaitsebarj\u00e4\u00e4ri, aitab s\u00e4ilitada naha niiskustasakaalu ja laitmatut v\u00e4limust.<br \/>\n&#8211; Gl\u00fctsiin &#8211; rahustab \u00e4rritunud nahka ning v\u00e4hendab punetust ja p\u00f5letikku. 0<br \/>\n&#8211; Piimhape \u2013 kuulub AHA-hapete (alfa-h\u00fcdroks\u00fchapete)\u00a0 r\u00fchma. Seda kasutatakse naha niisutamiseks, puhastamiseks ja toniseerimiseks. Aktiveerib rakkude regenereerimist ning kollageeni ja elastiini s\u00fcnteesi. Helendab ja kirgastab nahka, v\u00e4hendab vistrikke ja arme ning aitab v\u00f5idelda akne vastu.<\/p>\n<p><em>Koostisained:<\/em>Aqua, Sodium Laureth Sulfate, Sodium Cocoyl Apple Amino Acids, Glycerin, Glucose, Sorbitol, Sodium Glutamate, Urea, Sodium PCA, Glycine, Lactic Acid, Hydrolyzed Wheat Protein, Panthenol, Hydroxyethyl Acrylate\/Sodium Acryloyldimethyl Taurate Copolymer.<\/p>\n","protected":false},"excerpt":{"rendered":"<p><strong>Aromatic89 L\u00f5hnastamata N\u00e4opesuvaht <\/strong>&#8211; oluline osa sinu iluvalemist. N\u00e4onaha hooldamine on oluline s\u00f5ltumata vanusest v\u00f5i aastaajast. Esimene samm terve, ilusa ja s\u00e4rava naha suunas on \u00f5ige puhastusvahendi valik. L\u00f5hnavaba n\u00e4opesuvaht on just see toode, mis tagab puhta naha ja hea enesetunde.<\/p>\n<p><em>Kasutamine:\u00a0<\/em>L\u00f5hnastamata n\u00e4opesuvahtu v\u00f5ib kasutada nii hommikul kui ka \u00f5htul. Masseeri v\u00e4ike kogus toodet \u00f5rnalt niiskele n\u00e4o- ja kaelanahale. Loputa p\u00f5hjalikult puhta veega. V\u00e4ldi toote silma sattumist, sest see v\u00f5ib \u00e4rritada tundlikku silmakesta.<br \/>\nLoomulikult ei piisa vaid n\u00e4o p\u00f5hjalikust pesemisest. Parima tulemuse saavutamiseks soovitame puhastusvahtu kasutada p\u00e4rast n\u00e4opesu ja hiljem hellitada nahka kreemi v\u00f5i seerumiga.<br \/>\nNaha ilu ja tervis on sinu k\u00e4tes.<\/p>\n<p>Efektiivsus: s\u00fcgavpuhastav, ei \u00e4rrita ega kahjusta nahka.<br \/>\nMaht: 200ml.<\/p>\n<p>&nbsp;<\/p>\n<p>&nbsp;<\/p>\n","protected":false},"featured_media":35875,"template":"","meta":[],"product_brand":[],"product_cat":[1165],"product_tag":[],"class_list":{"0":"post-35872","1":"product","2":"type-product","3":"status-publish","4":"has-post-thumbnail","6":"product_cat-aromatic89","8":"first","9":"instock","10":"taxable","11":"shipping-taxable","12":"purchasable","13":"product-type-simple"},"_links":{"self":[{"href":"https:\/\/www.allforhorses.ee\/en\/wp-json\/wp\/v2\/product\/35872","targetHints":{"allow":["GET"]}}],"collection":[{"href":"https:\/\/www.allforhorses.ee\/en\/wp-json\/wp\/v2\/product"}],"about":[{"href":"https:\/\/www.allforhorses.ee\/en\/wp-json\/wp\/v2\/types\/product"}],"wp:featuredmedia":[{"embeddable":true,"href":"https:\/\/www.allforhorses.ee\/en\/wp-json\/wp\/v2\/media\/35875"}],"wp:attachment":[{"href":"https:\/\/www.allforhorses.ee\/en\/wp-json\/wp\/v2\/media?parent=35872"}],"wp:term":[{"taxonomy":"product_brand","embeddable":true,"href":"https:\/\/www.allforhorses.ee\/en\/wp-json\/wp\/v2\/product_brand?post=35872"},{"taxonomy":"product_cat","embeddable":true,"href":"https:\/\/www.allforhorses.ee\/en\/wp-json\/wp\/v2\/product_cat?post=35872"},{"taxonomy":"product_tag","embeddable":true,"href":"https:\/\/www.allforhorses.ee\/en\/wp-json\/wp\/v2\/product_tag?post=35872"}],"curies":[{"name":"wp","href":"https:\/\/api.w.org\/{rel}","templated":true}]}}