{"id":35315,"date":"2023-12-12T20:55:17","date_gmt":"2023-12-12T20:55:17","guid":{"rendered":"https:\/\/www.allforhorses.ee\/?post_type=product&#038;p=35315"},"modified":"2025-02-28T12:44:08","modified_gmt":"2025-02-28T12:44:08","slug":"hkm-laka-ja-sabahari","status":"publish","type":"product","link":"https:\/\/www.allforhorses.ee\/en\/toode\/hkm-laka-ja-sabahari\/","title":{"rendered":"HKM Laka- ja Sabahari"},"content":{"rendered":"","protected":false},"excerpt":{"rendered":"<p><strong>HKM Laka- ja Sabahari<\/strong> on suurep\u00e4rane vahend laka ja saba hooldusel.<br \/>\nM\u00f5\u00f5dud:\u00a0<span class=\"base\" data-ui-id=\"page-title-wrapper\">25 x 10,5 cm<\/span><\/p>\n<p><em>Tarne u 14 t\u00f6\u00f6p\u00e4eva.<\/em><\/p>\n","protected":false},"featured_media":35320,"template":"","meta":[],"product_brand":[],"product_cat":[158,159,160,164,171],"product_tag":[],"class_list":{"0":"post-35315","1":"product","2":"type-product","3":"status-publish","4":"has-post-thumbnail","6":"product_cat-hobusele","7":"product_cat-hobuste-hooldusvahendid","8":"product_cat-hobuste-harjad","9":"product_cat-lakakammid","10":"product_cat-saba-lakk-ja-karvkate","12":"first","13":"instock","14":"taxable","15":"shipping-taxable","16":"purchasable","17":"product-type-simple"},"_links":{"self":[{"href":"https:\/\/www.allforhorses.ee\/en\/wp-json\/wp\/v2\/product\/35315","targetHints":{"allow":["GET"]}}],"collection":[{"href":"https:\/\/www.allforhorses.ee\/en\/wp-json\/wp\/v2\/product"}],"about":[{"href":"https:\/\/www.allforhorses.ee\/en\/wp-json\/wp\/v2\/types\/product"}],"wp:featuredmedia":[{"embeddable":true,"href":"https:\/\/www.allforhorses.ee\/en\/wp-json\/wp\/v2\/media\/35320"}],"wp:attachment":[{"href":"https:\/\/www.allforhorses.ee\/en\/wp-json\/wp\/v2\/media?parent=35315"}],"wp:term":[{"taxonomy":"product_brand","embeddable":true,"href":"https:\/\/www.allforhorses.ee\/en\/wp-json\/wp\/v2\/product_brand?post=35315"},{"taxonomy":"product_cat","embeddable":true,"href":"https:\/\/www.allforhorses.ee\/en\/wp-json\/wp\/v2\/product_cat?post=35315"},{"taxonomy":"product_tag","embeddable":true,"href":"https:\/\/www.allforhorses.ee\/en\/wp-json\/wp\/v2\/product_tag?post=35315"}],"curies":[{"name":"wp","href":"https:\/\/api.w.org\/{rel}","templated":true}]}}