{"id":3432,"date":"2019-03-07T11:14:58","date_gmt":"2019-03-07T11:14:58","guid":{"rendered":"https:\/\/www.allforhorses.ee\/?post_type=product&#038;p=3432"},"modified":"2023-07-09T18:23:54","modified_gmt":"2023-07-09T18:23:54","slug":"hkm-laste-saarised-kids","status":"publish","type":"product","link":"https:\/\/www.allforhorses.ee\/en\/toode\/hkm-laste-saarised-kids\/","title":{"rendered":"HKM Laste S\u00e4\u00e4rised &#8220;Kids&#8221;"},"content":{"rendered":"","protected":false},"excerpt":{"rendered":"<p><strong>HKM Kunstnahast Laste S\u00e4\u00e4rised\u00a0<\/strong>on hingavad ja vastupidavad. Elastsed s\u00e4\u00e4reosad ja elastsed kummiosad talla all. On ka all trukiga lisakinnitus. Materjal: 100% pol\u00fceester. Masinpestavad 30 kraadiga.<\/p>\n<p><em>Tarneaeg 10-14 t\u00f6\u00f6p\u00e4eva.<\/em><\/p>\n","protected":false},"featured_media":25466,"template":"","meta":[],"product_brand":[],"product_cat":[109,134,136],"product_tag":[],"class_list":{"0":"post-3432","1":"product","2":"type-product","3":"status-publish","4":"has-post-thumbnail","6":"product_cat-ratsariided","7":"product_cat-saarised","8":"product_cat-kunstnahast-saarised","10":"first","11":"instock","12":"featured","13":"taxable","14":"shipping-taxable","15":"purchasable","16":"product-type-variable"},"_links":{"self":[{"href":"https:\/\/www.allforhorses.ee\/en\/wp-json\/wp\/v2\/product\/3432","targetHints":{"allow":["GET"]}}],"collection":[{"href":"https:\/\/www.allforhorses.ee\/en\/wp-json\/wp\/v2\/product"}],"about":[{"href":"https:\/\/www.allforhorses.ee\/en\/wp-json\/wp\/v2\/types\/product"}],"wp:featuredmedia":[{"embeddable":true,"href":"https:\/\/www.allforhorses.ee\/en\/wp-json\/wp\/v2\/media\/25466"}],"wp:attachment":[{"href":"https:\/\/www.allforhorses.ee\/en\/wp-json\/wp\/v2\/media?parent=3432"}],"wp:term":[{"taxonomy":"product_brand","embeddable":true,"href":"https:\/\/www.allforhorses.ee\/en\/wp-json\/wp\/v2\/product_brand?post=3432"},{"taxonomy":"product_cat","embeddable":true,"href":"https:\/\/www.allforhorses.ee\/en\/wp-json\/wp\/v2\/product_cat?post=3432"},{"taxonomy":"product_tag","embeddable":true,"href":"https:\/\/www.allforhorses.ee\/en\/wp-json\/wp\/v2\/product_tag?post=3432"}],"curies":[{"name":"wp","href":"https:\/\/api.w.org\/{rel}","templated":true}]}}