{"id":34015,"date":"2023-10-23T15:52:07","date_gmt":"2023-10-23T15:52:07","guid":{"rendered":"https:\/\/www.allforhorses.ee\/?post_type=product&#038;p=34015"},"modified":"2024-12-07T08:23:39","modified_gmt":"2024-12-07T08:23:39","slug":"hkm-valgustuse-patareiga-ratsamantel-honey","status":"publish","type":"product","link":"https:\/\/www.allforhorses.ee\/en\/toode\/hkm-valgustuse-patareiga-ratsamantel-honey\/","title":{"rendered":"HKM Valgustuse Patareiga Ratsamantel &#8220;Honey&#8221;"},"content":{"rendered":"","protected":false},"excerpt":{"rendered":"<p><strong>HKM\u00a0valgustuse patareiga mantel\u00a0&#8220;Honey&#8221; <\/strong>on valgustuss\u00fcsteemiga, vihmakindel, soojustsalvestav puuvillane vahevooder. Soojust saab v\u00e4ljapoolt reguleerida. Valgustab kuni 4 tundi. Valguse saab sisse ja v\u00e4lja l\u00fclitada akupangal asuvast nupust. Eemaldatav ja fikseeritav kapuuts, lukkudega taskud,\u00a0kaksipidik\u00e4iv t\u00f5mblukk, sooja fliisvoodriga k\u00f5rge kaelus, taljessehoidev kuju(reguleeritav v\u00f6\u00f6kumm). Soojad varrukaotsad,\u00a0k\u00f5rgeleulatuvad k\u00fcljel\u00f5hikud, millel on sees helkuerfektiga detailid. Sees v\u00f5rguga tasku,\u00a0p\u00f5ues on akupanga jaoks eraldi tasku.<br \/>\nKomplektis on akupank 500mAh\/1A 5V. Kaasas juhe(laadimiseks).<br \/>\nMasinpestav \u00f5rna vee programmiga. Enne pesemist eemalda aku. Ei tohi triikida.<br \/>\nMaterjal: 100% pol\u00fcester.<br \/>\nV\u00e4rv: must.<\/p>\n<p><em>HKM Mantel &#8220;Honey&#8221; on ainult ettetellimisel(tarne u 14 t\u00f6\u00f6p\u00e4eva).\u00a0<\/em><\/p>\n","protected":false},"featured_media":34034,"template":"","meta":[],"product_brand":[],"product_cat":[109,122,123,124],"product_tag":[],"class_list":{"0":"post-34015","1":"product","2":"type-product","3":"status-publish","4":"has-post-thumbnail","6":"product_cat-ratsariided","7":"product_cat-ratsajoped-ja-vestid","8":"product_cat-ratsajoped-ja-mantlid","9":"product_cat-ratsavestid","11":"first","12":"instock","13":"taxable","14":"shipping-taxable","15":"purchasable","16":"product-type-variable"},"_links":{"self":[{"href":"https:\/\/www.allforhorses.ee\/en\/wp-json\/wp\/v2\/product\/34015","targetHints":{"allow":["GET"]}}],"collection":[{"href":"https:\/\/www.allforhorses.ee\/en\/wp-json\/wp\/v2\/product"}],"about":[{"href":"https:\/\/www.allforhorses.ee\/en\/wp-json\/wp\/v2\/types\/product"}],"wp:featuredmedia":[{"embeddable":true,"href":"https:\/\/www.allforhorses.ee\/en\/wp-json\/wp\/v2\/media\/34034"}],"wp:attachment":[{"href":"https:\/\/www.allforhorses.ee\/en\/wp-json\/wp\/v2\/media?parent=34015"}],"wp:term":[{"taxonomy":"product_brand","embeddable":true,"href":"https:\/\/www.allforhorses.ee\/en\/wp-json\/wp\/v2\/product_brand?post=34015"},{"taxonomy":"product_cat","embeddable":true,"href":"https:\/\/www.allforhorses.ee\/en\/wp-json\/wp\/v2\/product_cat?post=34015"},{"taxonomy":"product_tag","embeddable":true,"href":"https:\/\/www.allforhorses.ee\/en\/wp-json\/wp\/v2\/product_tag?post=34015"}],"curies":[{"name":"wp","href":"https:\/\/api.w.org\/{rel}","templated":true}]}}