{"id":33877,"date":"2023-10-23T14:41:11","date_gmt":"2023-10-23T14:41:11","guid":{"rendered":"https:\/\/www.allforhorses.ee\/?post_type=product&#038;p=33877"},"modified":"2023-12-06T16:03:25","modified_gmt":"2023-12-06T16:03:25","slug":"hkm-talvine-naiste-laste-ratsajope-trend","status":"publish","type":"product","link":"https:\/\/www.allforhorses.ee\/en\/toode\/hkm-talvine-naiste-laste-ratsajope-trend\/","title":{"rendered":"HKM Talvine Naiste\/Laste Ratsajope &#8220;Trend&#8221;"},"content":{"rendered":"","protected":false},"excerpt":{"rendered":"<p><strong>HKM Talvine Jope &#8220;Trend&#8221; <\/strong>on h\u00e4sti soe, vihmakindel, tuulekindel ja mustusth\u00fclgav. Eemaldatav kapuuts, s\u00fcnteetilise karvaga kapuutsi\u00e4\u00e4r,\u00a0elastne v\u00f6\u00f6osa.<br \/>\nMasinpestav 40 kraadi juures. Ei tohi triikida.<br \/>\nSisevooder: 100% pol\u00fcester.<br \/>\nPealmine materjal: 98% pol\u00fcester, 2% elastaan.<br \/>\nV\u00e4rv: must.<\/p>\n<p><em>HKM Jope &#8220;Trend&#8221; on ainult ettetellimisel(tarne u 14 t\u00f6\u00f6p\u00e4eva).<\/em><\/p>\n","protected":false},"featured_media":33901,"template":"","meta":[],"product_brand":[],"product_cat":[109,122,123,124],"product_tag":[],"class_list":{"0":"post-33877","1":"product","2":"type-product","3":"status-publish","4":"has-post-thumbnail","6":"product_cat-ratsariided","7":"product_cat-ratsajoped-ja-vestid","8":"product_cat-ratsajoped-ja-mantlid","9":"product_cat-ratsavestid","11":"first","12":"instock","13":"taxable","14":"shipping-taxable","15":"purchasable","16":"product-type-variable"},"_links":{"self":[{"href":"https:\/\/www.allforhorses.ee\/en\/wp-json\/wp\/v2\/product\/33877","targetHints":{"allow":["GET"]}}],"collection":[{"href":"https:\/\/www.allforhorses.ee\/en\/wp-json\/wp\/v2\/product"}],"about":[{"href":"https:\/\/www.allforhorses.ee\/en\/wp-json\/wp\/v2\/types\/product"}],"wp:featuredmedia":[{"embeddable":true,"href":"https:\/\/www.allforhorses.ee\/en\/wp-json\/wp\/v2\/media\/33901"}],"wp:attachment":[{"href":"https:\/\/www.allforhorses.ee\/en\/wp-json\/wp\/v2\/media?parent=33877"}],"wp:term":[{"taxonomy":"product_brand","embeddable":true,"href":"https:\/\/www.allforhorses.ee\/en\/wp-json\/wp\/v2\/product_brand?post=33877"},{"taxonomy":"product_cat","embeddable":true,"href":"https:\/\/www.allforhorses.ee\/en\/wp-json\/wp\/v2\/product_cat?post=33877"},{"taxonomy":"product_tag","embeddable":true,"href":"https:\/\/www.allforhorses.ee\/en\/wp-json\/wp\/v2\/product_tag?post=33877"}],"curies":[{"name":"wp","href":"https:\/\/api.w.org\/{rel}","templated":true}]}}