{"id":33831,"date":"2023-10-23T10:13:54","date_gmt":"2023-10-23T10:13:54","guid":{"rendered":"https:\/\/www.allforhorses.ee\/?post_type=product&#038;p=33831"},"modified":"2024-06-01T10:14:59","modified_gmt":"2024-06-01T10:14:59","slug":"hkm-2-in-1-vest-ja-mantel-dakota","status":"publish","type":"product","link":"https:\/\/www.allforhorses.ee\/en\/toode\/hkm-2-in-1-vest-ja-mantel-dakota\/","title":{"rendered":"HKM 2 in 1 Vest ja Mantel &#8220;Dakota&#8221;"},"content":{"rendered":"","protected":false},"excerpt":{"rendered":"<p><strong>HKM 2 in 1 Vest ja Mantel &#8220;Dakota&#8221; <\/strong>on veekindel. Vesti saab lukkudega mantli k\u00fcljest eemaldada ja eraldi kanda. Taljesse hoidev kuju. Esik\u00fcljel on 2 taskut, p\u00f5uetasku, kaksipidik\u00e4iv t\u00f5mblukk, kapuuts on lukuga kraesse peidetud, takjakinnitustega elastsed varrukaotsad, taskus elastne v\u00f5tmehoidja. Sooja fliisvoodriga k\u00f5rge krae\u00a0ja taskud. Helkureffektiga detailid. K\u00fclgedel avatavad l\u00f5hikud.<br \/>\nMasinpestav 30 kraadi juures. Ei tohi triikida.<br \/>\nSuuruse S pikkus 90cm.<br \/>\nV\u00e4rv: must.<\/p>\n<p><em>HKM Mantel &#8220;Dakota&#8221; on ainult ettetellimisel(tarne u 14 t\u00f6\u00f6p\u00e4eva).<\/em><\/p>\n","protected":false},"featured_media":33838,"template":"","meta":[],"product_brand":[],"product_cat":[109,122,123,124],"product_tag":[],"class_list":{"0":"post-33831","1":"product","2":"type-product","3":"status-publish","4":"has-post-thumbnail","6":"product_cat-ratsariided","7":"product_cat-ratsajoped-ja-vestid","8":"product_cat-ratsajoped-ja-mantlid","9":"product_cat-ratsavestid","11":"first","12":"instock","13":"taxable","14":"shipping-taxable","15":"purchasable","16":"product-type-variable"},"_links":{"self":[{"href":"https:\/\/www.allforhorses.ee\/en\/wp-json\/wp\/v2\/product\/33831","targetHints":{"allow":["GET"]}}],"collection":[{"href":"https:\/\/www.allforhorses.ee\/en\/wp-json\/wp\/v2\/product"}],"about":[{"href":"https:\/\/www.allforhorses.ee\/en\/wp-json\/wp\/v2\/types\/product"}],"wp:featuredmedia":[{"embeddable":true,"href":"https:\/\/www.allforhorses.ee\/en\/wp-json\/wp\/v2\/media\/33838"}],"wp:attachment":[{"href":"https:\/\/www.allforhorses.ee\/en\/wp-json\/wp\/v2\/media?parent=33831"}],"wp:term":[{"taxonomy":"product_brand","embeddable":true,"href":"https:\/\/www.allforhorses.ee\/en\/wp-json\/wp\/v2\/product_brand?post=33831"},{"taxonomy":"product_cat","embeddable":true,"href":"https:\/\/www.allforhorses.ee\/en\/wp-json\/wp\/v2\/product_cat?post=33831"},{"taxonomy":"product_tag","embeddable":true,"href":"https:\/\/www.allforhorses.ee\/en\/wp-json\/wp\/v2\/product_tag?post=33831"}],"curies":[{"name":"wp","href":"https:\/\/api.w.org\/{rel}","templated":true}]}}