{"id":33770,"date":"2023-10-23T09:31:54","date_gmt":"2023-10-23T09:31:54","guid":{"rendered":"https:\/\/www.allforhorses.ee\/?post_type=product&#038;p=33770"},"modified":"2026-04-02T11:45:45","modified_gmt":"2026-04-02T11:45:45","slug":"hkm-meeste-polvegrippidega-ratsapuksid-cargo","status":"publish","type":"product","link":"https:\/\/www.allforhorses.ee\/en\/toode\/hkm-meeste-polvegrippidega-ratsapuksid-cargo\/","title":{"rendered":"HKM Meeste P\u00f5lvegrippidega Ratsap\u00fcksid &#8220;Cargo&#8221;"},"content":{"rendered":"","protected":false},"excerpt":{"rendered":"<p><strong>HKM Meeste P\u00f5lvegrippidega Ratsap\u00fcksid <\/strong>on veekindlad, venivad, mugavad, rebenemiskindlad.<br \/>\nElastne s\u00e4\u00e4reosa. 2 taskut ees, 2 taga, 1 jalal.<br \/>\nMasinpestav pahempidi 30 kraadiga. Mitte kasutada kuivatit ega pesupehmendit.<\/p>\n<p><em>Tarne 10-14 t\u00f6\u00f6p\u00e4eva.<\/em><\/p>\n<p>&nbsp;<\/p>\n<p>&nbsp;<\/p>\n","protected":false},"featured_media":33788,"template":"","meta":[],"product_brand":[],"product_cat":[109,114,116],"product_tag":[],"class_list":{"0":"post-33770","1":"product","2":"type-product","3":"status-publish","4":"has-post-thumbnail","6":"product_cat-ratsariided","7":"product_cat-ratsapuksid","8":"product_cat-meeste-ratsapuksid","10":"first","11":"instock","12":"sale","13":"taxable","14":"shipping-taxable","15":"purchasable","16":"product-type-variable"},"_links":{"self":[{"href":"https:\/\/www.allforhorses.ee\/en\/wp-json\/wp\/v2\/product\/33770","targetHints":{"allow":["GET"]}}],"collection":[{"href":"https:\/\/www.allforhorses.ee\/en\/wp-json\/wp\/v2\/product"}],"about":[{"href":"https:\/\/www.allforhorses.ee\/en\/wp-json\/wp\/v2\/types\/product"}],"wp:featuredmedia":[{"embeddable":true,"href":"https:\/\/www.allforhorses.ee\/en\/wp-json\/wp\/v2\/media\/33788"}],"wp:attachment":[{"href":"https:\/\/www.allforhorses.ee\/en\/wp-json\/wp\/v2\/media?parent=33770"}],"wp:term":[{"taxonomy":"product_brand","embeddable":true,"href":"https:\/\/www.allforhorses.ee\/en\/wp-json\/wp\/v2\/product_brand?post=33770"},{"taxonomy":"product_cat","embeddable":true,"href":"https:\/\/www.allforhorses.ee\/en\/wp-json\/wp\/v2\/product_cat?post=33770"},{"taxonomy":"product_tag","embeddable":true,"href":"https:\/\/www.allforhorses.ee\/en\/wp-json\/wp\/v2\/product_tag?post=33770"}],"curies":[{"name":"wp","href":"https:\/\/api.w.org\/{rel}","templated":true}]}}