{"id":33622,"date":"2023-10-23T08:46:14","date_gmt":"2023-10-23T08:46:14","guid":{"rendered":"https:\/\/www.allforhorses.ee\/?post_type=product&#038;p=33622"},"modified":"2024-07-05T08:35:52","modified_gmt":"2024-07-05T08:35:52","slug":"hkm-meeste-soe-jope-hamburg","status":"publish","type":"product","link":"https:\/\/www.allforhorses.ee\/en\/toode\/hkm-meeste-soe-jope-hamburg\/","title":{"rendered":"HKM Meeste Soe Jope &#8220;Hamburg&#8221;"},"content":{"rendered":"","protected":false},"excerpt":{"rendered":"<p><strong>HKM Meeste Soe Tepitud Jope <\/strong>on soe, hingav. Esik\u00fcljel on 2 taskut, kaputs, kaelusel pehme kootud sisevooder.<br \/>\nMasinpestav 30 kraadi juures.<\/p>\n<p><em>HKM Jope &#8220;Hamburg&#8221; on ainult ettetellimisel(tarne u 14 t\u00f6\u00f6p\u00e4eva).<\/em><\/p>\n","protected":false},"featured_media":33644,"template":"","meta":[],"product_brand":[],"product_cat":[109,122,123],"product_tag":[],"class_list":{"0":"post-33622","1":"product","2":"type-product","3":"status-publish","4":"has-post-thumbnail","6":"product_cat-ratsariided","7":"product_cat-ratsajoped-ja-vestid","8":"product_cat-ratsajoped-ja-mantlid","10":"first","11":"instock","12":"taxable","13":"shipping-taxable","14":"purchasable","15":"product-type-variable"},"_links":{"self":[{"href":"https:\/\/www.allforhorses.ee\/en\/wp-json\/wp\/v2\/product\/33622","targetHints":{"allow":["GET"]}}],"collection":[{"href":"https:\/\/www.allforhorses.ee\/en\/wp-json\/wp\/v2\/product"}],"about":[{"href":"https:\/\/www.allforhorses.ee\/en\/wp-json\/wp\/v2\/types\/product"}],"wp:featuredmedia":[{"embeddable":true,"href":"https:\/\/www.allforhorses.ee\/en\/wp-json\/wp\/v2\/media\/33644"}],"wp:attachment":[{"href":"https:\/\/www.allforhorses.ee\/en\/wp-json\/wp\/v2\/media?parent=33622"}],"wp:term":[{"taxonomy":"product_brand","embeddable":true,"href":"https:\/\/www.allforhorses.ee\/en\/wp-json\/wp\/v2\/product_brand?post=33622"},{"taxonomy":"product_cat","embeddable":true,"href":"https:\/\/www.allforhorses.ee\/en\/wp-json\/wp\/v2\/product_cat?post=33622"},{"taxonomy":"product_tag","embeddable":true,"href":"https:\/\/www.allforhorses.ee\/en\/wp-json\/wp\/v2\/product_tag?post=33622"}],"curies":[{"name":"wp","href":"https:\/\/api.w.org\/{rel}","templated":true}]}}