{"id":3346,"date":"2019-03-06T08:55:13","date_gmt":"2019-03-06T08:55:13","guid":{"rendered":"https:\/\/www.allforhorses.ee\/?post_type=product&#038;p=3346"},"modified":"2024-09-08T11:24:42","modified_gmt":"2024-09-08T11:24:42","slug":"korgkvaliteetsest-polumeermaterjalist-plastikjalused","status":"publish","type":"product","link":"https:\/\/www.allforhorses.ee\/en\/toode\/korgkvaliteetsest-polumeermaterjalist-plastikjalused\/","title":{"rendered":"K\u00f5rgkvaliteetsest Pol\u00fcmeermaterjalist Plastikjalused"},"content":{"rendered":"","protected":false},"excerpt":{"rendered":"<p><strong>K\u00f5rgkvaliteetsest Pol\u00fcmeermaterjalist Toodetud Plastikjalused <\/strong>on supertugevad. Jalustel on lai tallaosa. Suurus: Full(12cm).<\/p>\n","protected":false},"featured_media":3349,"template":"","meta":[],"product_brand":[],"product_cat":[158,190,191,193],"product_tag":[],"class_list":{"0":"post-3346","1":"product","2":"type-product","3":"status-publish","4":"has-post-thumbnail","6":"product_cat-hobusele","7":"product_cat-jalused-ja-jaluserihmad","8":"product_cat-jalused","9":"product_cat-plastikjalused","11":"first","12":"outofstock","13":"taxable","14":"shipping-taxable","15":"purchasable","16":"product-type-simple"},"_links":{"self":[{"href":"https:\/\/www.allforhorses.ee\/en\/wp-json\/wp\/v2\/product\/3346","targetHints":{"allow":["GET"]}}],"collection":[{"href":"https:\/\/www.allforhorses.ee\/en\/wp-json\/wp\/v2\/product"}],"about":[{"href":"https:\/\/www.allforhorses.ee\/en\/wp-json\/wp\/v2\/types\/product"}],"wp:featuredmedia":[{"embeddable":true,"href":"https:\/\/www.allforhorses.ee\/en\/wp-json\/wp\/v2\/media\/3349"}],"wp:attachment":[{"href":"https:\/\/www.allforhorses.ee\/en\/wp-json\/wp\/v2\/media?parent=3346"}],"wp:term":[{"taxonomy":"product_brand","embeddable":true,"href":"https:\/\/www.allforhorses.ee\/en\/wp-json\/wp\/v2\/product_brand?post=3346"},{"taxonomy":"product_cat","embeddable":true,"href":"https:\/\/www.allforhorses.ee\/en\/wp-json\/wp\/v2\/product_cat?post=3346"},{"taxonomy":"product_tag","embeddable":true,"href":"https:\/\/www.allforhorses.ee\/en\/wp-json\/wp\/v2\/product_tag?post=3346"}],"curies":[{"name":"wp","href":"https:\/\/api.w.org\/{rel}","templated":true}]}}