{"id":3340,"date":"2019-03-06T08:43:37","date_gmt":"2019-03-06T08:43:37","guid":{"rendered":"https:\/\/www.allforhorses.ee\/?post_type=product&#038;p=3340"},"modified":"2024-03-18T13:28:04","modified_gmt":"2024-03-18T13:28:04","slug":"jalused-korviga","status":"publish","type":"product","link":"https:\/\/www.allforhorses.ee\/en\/toode\/jalused-korviga\/","title":{"rendered":"Korvid Jalustele"},"content":{"rendered":"","protected":false},"excerpt":{"rendered":"<p>Kvaliteetsed <strong>Korvid Jalustele<\/strong><b>.<\/b>\u00a0Suurus: Pony(9,5cm), Full(12cm).\u00a0V\u00e4listavad jala libisemise jalusest l\u00e4bi. Sobivad ideaalselt kasutamiseks algajatel, lastel v\u00f5i puudega ratsutajatel.<\/p>\n<p>&nbsp;<\/p>\n","protected":false},"featured_media":3343,"template":"","meta":[],"product_brand":[],"product_cat":[158,190,191,192],"product_tag":[],"class_list":{"0":"post-3340","1":"product","2":"type-product","3":"status-publish","4":"has-post-thumbnail","6":"product_cat-hobusele","7":"product_cat-jalused-ja-jaluserihmad","8":"product_cat-jalused","9":"product_cat-metalljalused","11":"first","12":"outofstock","13":"taxable","14":"shipping-taxable","15":"purchasable","16":"product-type-variable"},"_links":{"self":[{"href":"https:\/\/www.allforhorses.ee\/en\/wp-json\/wp\/v2\/product\/3340","targetHints":{"allow":["GET"]}}],"collection":[{"href":"https:\/\/www.allforhorses.ee\/en\/wp-json\/wp\/v2\/product"}],"about":[{"href":"https:\/\/www.allforhorses.ee\/en\/wp-json\/wp\/v2\/types\/product"}],"wp:featuredmedia":[{"embeddable":true,"href":"https:\/\/www.allforhorses.ee\/en\/wp-json\/wp\/v2\/media\/3343"}],"wp:attachment":[{"href":"https:\/\/www.allforhorses.ee\/en\/wp-json\/wp\/v2\/media?parent=3340"}],"wp:term":[{"taxonomy":"product_brand","embeddable":true,"href":"https:\/\/www.allforhorses.ee\/en\/wp-json\/wp\/v2\/product_brand?post=3340"},{"taxonomy":"product_cat","embeddable":true,"href":"https:\/\/www.allforhorses.ee\/en\/wp-json\/wp\/v2\/product_cat?post=3340"},{"taxonomy":"product_tag","embeddable":true,"href":"https:\/\/www.allforhorses.ee\/en\/wp-json\/wp\/v2\/product_tag?post=3340"}],"curies":[{"name":"wp","href":"https:\/\/api.w.org\/{rel}","templated":true}]}}