{"id":3334,"date":"2019-03-06T08:37:50","date_gmt":"2019-03-06T08:37:50","guid":{"rendered":"https:\/\/www.allforhorses.ee\/?post_type=product&#038;p=3334"},"modified":"2023-03-08T19:28:54","modified_gmt":"2023-03-08T19:28:54","slug":"roostevabast-terasest-jalused-fillis","status":"publish","type":"product","link":"https:\/\/www.allforhorses.ee\/en\/toode\/roostevabast-terasest-jalused-fillis\/","title":{"rendered":"Roostevabast Terasest Jalused Fillis"},"content":{"rendered":"","protected":false},"excerpt":{"rendered":"<p>Kvaliteetsed <strong>Roostevabast terases\u00a0<\/strong><b>jalused Fillis.<\/b>\u00a0Suurus: Pony(10cm), Full(12cm). Lihtne hooldada.<\/p>\n<p>Tarneaeg 10-14 t\u00f6\u00f6p\u00e4eva.<\/p>\n","protected":false},"featured_media":3337,"template":"","meta":[],"product_brand":[],"product_cat":[158,190,191,192],"product_tag":[],"class_list":{"0":"post-3334","1":"product","2":"type-product","3":"status-publish","4":"has-post-thumbnail","6":"product_cat-hobusele","7":"product_cat-jalused-ja-jaluserihmad","8":"product_cat-jalused","9":"product_cat-metalljalused","11":"first","12":"instock","13":"taxable","14":"shipping-taxable","15":"purchasable","16":"product-type-variable"},"_links":{"self":[{"href":"https:\/\/www.allforhorses.ee\/en\/wp-json\/wp\/v2\/product\/3334","targetHints":{"allow":["GET"]}}],"collection":[{"href":"https:\/\/www.allforhorses.ee\/en\/wp-json\/wp\/v2\/product"}],"about":[{"href":"https:\/\/www.allforhorses.ee\/en\/wp-json\/wp\/v2\/types\/product"}],"wp:featuredmedia":[{"embeddable":true,"href":"https:\/\/www.allforhorses.ee\/en\/wp-json\/wp\/v2\/media\/3337"}],"wp:attachment":[{"href":"https:\/\/www.allforhorses.ee\/en\/wp-json\/wp\/v2\/media?parent=3334"}],"wp:term":[{"taxonomy":"product_brand","embeddable":true,"href":"https:\/\/www.allforhorses.ee\/en\/wp-json\/wp\/v2\/product_brand?post=3334"},{"taxonomy":"product_cat","embeddable":true,"href":"https:\/\/www.allforhorses.ee\/en\/wp-json\/wp\/v2\/product_cat?post=3334"},{"taxonomy":"product_tag","embeddable":true,"href":"https:\/\/www.allforhorses.ee\/en\/wp-json\/wp\/v2\/product_tag?post=3334"}],"curies":[{"name":"wp","href":"https:\/\/api.w.org\/{rel}","templated":true}]}}