{"id":3261,"date":"2019-03-05T07:27:05","date_gmt":"2019-03-05T07:27:05","guid":{"rendered":"https:\/\/www.allforhorses.ee\/?post_type=product&#038;p=3261"},"modified":"2023-03-13T14:06:46","modified_gmt":"2023-03-13T14:06:46","slug":"pfiff-moodukopsik","status":"publish","type":"product","link":"https:\/\/www.allforhorses.ee\/en\/toode\/pfiff-moodukopsik\/","title":{"rendered":"Pfiff M\u00f5\u00f5dukopsik"},"content":{"rendered":"","protected":false},"excerpt":{"rendered":"<p>Mugav ja praktiline <strong>Pfiff M\u00f5\u00f5dukopsik<\/strong>. 1.8kg(1800gr).<br \/>\nV\u00e4rv: sinine.<\/p>\n","protected":false},"featured_media":3265,"template":"","meta":[],"product_brand":[],"product_cat":[145,151],"product_tag":[],"class_list":{"0":"post-3261","1":"product","2":"type-product","3":"status-publish","4":"has-post-thumbnail","6":"product_cat-talli","7":"product_cat-soodakuhvlid","9":"first","10":"instock","11":"taxable","12":"shipping-taxable","13":"purchasable","14":"product-type-simple"},"_links":{"self":[{"href":"https:\/\/www.allforhorses.ee\/en\/wp-json\/wp\/v2\/product\/3261","targetHints":{"allow":["GET"]}}],"collection":[{"href":"https:\/\/www.allforhorses.ee\/en\/wp-json\/wp\/v2\/product"}],"about":[{"href":"https:\/\/www.allforhorses.ee\/en\/wp-json\/wp\/v2\/types\/product"}],"wp:featuredmedia":[{"embeddable":true,"href":"https:\/\/www.allforhorses.ee\/en\/wp-json\/wp\/v2\/media\/3265"}],"wp:attachment":[{"href":"https:\/\/www.allforhorses.ee\/en\/wp-json\/wp\/v2\/media?parent=3261"}],"wp:term":[{"taxonomy":"product_brand","embeddable":true,"href":"https:\/\/www.allforhorses.ee\/en\/wp-json\/wp\/v2\/product_brand?post=3261"},{"taxonomy":"product_cat","embeddable":true,"href":"https:\/\/www.allforhorses.ee\/en\/wp-json\/wp\/v2\/product_cat?post=3261"},{"taxonomy":"product_tag","embeddable":true,"href":"https:\/\/www.allforhorses.ee\/en\/wp-json\/wp\/v2\/product_tag?post=3261"}],"curies":[{"name":"wp","href":"https:\/\/api.w.org\/{rel}","templated":true}]}}