{"id":3236,"date":"2019-03-04T21:39:10","date_gmt":"2019-03-04T21:39:10","guid":{"rendered":"https:\/\/www.allforhorses.ee\/?post_type=product&#038;p=3236"},"modified":"2025-02-28T12:55:54","modified_gmt":"2025-02-28T12:55:54","slug":"parisol-tsinkoksiidi-sprei","status":"publish","type":"product","link":"https:\/\/www.allforhorses.ee\/en\/toode\/parisol-tsinkoksiidi-sprei\/","title":{"rendered":"Parisol Tsinkoksiidi Sprei"},"content":{"rendered":"","protected":false},"excerpt":{"rendered":"<div class=\"description\">\n<p><strong>Parisol Tsinkoksiidi sprei(200ml) &#8211; <\/strong>toetab looma naha loomulikku regeneratsiooni. Toimib nagu salv-side, mis hoiab naha elastsena ning millel on suurep\u00e4rane kaitsev toime.<br \/>\nV\u00f5ib kasutada kui kaitsekatet v\u00f5i ise\u00e4ranis stressis naha korral.<br \/>\nKASUTAMINE &#8211;\u00a0Enne kasutamist loksutada, kuni sisemine teraspall on koostisosad t\u00e4ielikult laiali raputanud.<br \/>\nPuhastage kahjustunud pind ning pihustage \u00fchtlaselt 10 kuni 20 cm kaetavale pinnale.<br \/>\nEriti tuleohtlik aerosool. Mahuti on r\u00f5hu all: kuumenemisel v\u00f5ib l\u00f5hkeda. P\u00f5hjustab naha\u00e4rritust.<br \/>\nV\u00f5ib p\u00f5hjustada unisust v\u00f5i peap\u00f6\u00f6ritust.<br \/>\nM\u00fcrgine veeorganismidele, pikaajaline toime.<\/p>\n<\/div>\n<form class=\"cart\" enctype=\"multipart\/form-data\" method=\"post\">\n<div class=\"quantity buttons_added\"><\/div>\n<\/form>\n","protected":false},"featured_media":15154,"template":"","meta":[],"product_brand":[],"product_cat":[757,158,259],"product_tag":[],"class_list":{"0":"post-3236","1":"product","2":"type-product","3":"status-publish","4":"has-post-thumbnail","6":"product_cat-hobuste-tervisehoid-2","7":"product_cat-hobusele","8":"product_cat-hobuste-tervisehoid","10":"first","11":"outofstock","12":"taxable","13":"shipping-taxable","14":"purchasable","15":"product-type-simple"},"_links":{"self":[{"href":"https:\/\/www.allforhorses.ee\/en\/wp-json\/wp\/v2\/product\/3236","targetHints":{"allow":["GET"]}}],"collection":[{"href":"https:\/\/www.allforhorses.ee\/en\/wp-json\/wp\/v2\/product"}],"about":[{"href":"https:\/\/www.allforhorses.ee\/en\/wp-json\/wp\/v2\/types\/product"}],"wp:featuredmedia":[{"embeddable":true,"href":"https:\/\/www.allforhorses.ee\/en\/wp-json\/wp\/v2\/media\/15154"}],"wp:attachment":[{"href":"https:\/\/www.allforhorses.ee\/en\/wp-json\/wp\/v2\/media?parent=3236"}],"wp:term":[{"taxonomy":"product_brand","embeddable":true,"href":"https:\/\/www.allforhorses.ee\/en\/wp-json\/wp\/v2\/product_brand?post=3236"},{"taxonomy":"product_cat","embeddable":true,"href":"https:\/\/www.allforhorses.ee\/en\/wp-json\/wp\/v2\/product_cat?post=3236"},{"taxonomy":"product_tag","embeddable":true,"href":"https:\/\/www.allforhorses.ee\/en\/wp-json\/wp\/v2\/product_tag?post=3236"}],"curies":[{"name":"wp","href":"https:\/\/api.w.org\/{rel}","templated":true}]}}