{"id":3225,"date":"2019-03-04T21:20:15","date_gmt":"2019-03-04T21:20:15","guid":{"rendered":"https:\/\/www.allforhorses.ee\/?post_type=product&#038;p=3225"},"modified":"2022-12-06T22:07:26","modified_gmt":"2022-12-06T22:07:26","slug":"equistro-kerabol-biotin-1kg","status":"publish","type":"product","link":"https:\/\/www.allforhorses.ee\/en\/toode\/equistro-kerabol-biotin-1kg\/","title":{"rendered":"EQUISTRO Kerabol Biotin 1kg"},"content":{"rendered":"<div class=\"wpb-content-wrapper\"><p>[vc_row][vc_column][vc_column_text]Koostisosade kirjeldus:<\/p>\n<p>Sisaldab D-biotiini, DL-metioniini (orgaanilise v\u00e4\u00e4vli allikas) ja kergesti omastatava kelaadtsingi, mangaani (IPALIGO\u00ae mikroelemendid) ja seleeni (Sel-Plex\u00ae) kombinatsiooni.<br \/>\n\u2022 Tsink: Kabja sarvkesta kvaliteedi paranemine. Keratinots\u00fc\u00fctide paljunemise stimuleerimine.<br \/>\n\u2022 Biotiin: Kabja sarvkesta kvaliteedi paranemine.<br \/>\n\u2022 Metioniin, seleen, mangaan: Keratiini s\u00fcntees (ts\u00fcstiini kaudu).<br \/>\n\u2022 Metioniin: V\u00e4\u00e4vliga varustamine.<\/p>\n<p>Koostis: Dekstroos, laktoos[\/vc_column_text][\/vc_column][\/vc_row]<\/p>\n<\/div>","protected":false},"excerpt":{"rendered":"<p>EQUISTRO\u00ae KERABOL BIOTIN pikaajaline lahendus kabja sarvkesta ning karvkatte probleemide korral. Biotiini, tsingi, seleeni, mangaani ja metioniini ainulaadne kombinatsioon tagab kabja tervisliku kasvu ja annab karvkattele loomuliku l\u00e4ike.<\/p>\n<p>EQUISTRO\u00ae KERABOL BIOTIN sisaldab D-biotiini, DL-metioniini (orgaaniline v\u00e4\u00e4vliallikas), kergesti omastatavat tsinki, mangaani (IPALIGO\u00ae mikroelemendid) ja seleeni (Selplex\u00ae). Eesm\u00e4rk on aidata kaasa hobuste tervete kabjade ja karvkatte moodustumisele. Igap\u00e4evane kasutamine soodustab nii terve kabja (elastse ilma murenemise ja rabeduseta) kui ka s\u00e4rava l\u00e4ikiva karvkatte kasvu.<\/p>\n<p>KASUTAMISE JUHIS<br \/>\nHobused (500 kg): 15 g (1 m\u00f5\u00f5tlusikas sisaldab 20 mg D-biotiini) p\u00e4evas.<br \/>\nV\u00e4ikesekasvulised hobused, ponid ja varsad: 7,5 g (\u00bd m\u00f5\u00f5tlusikas, mis sisaldab 10 mg D-biotiini) p\u00e4evas.<br \/>\n* Manustada koos s\u00f6\u00f6daga iga p\u00e4ev. EQUISTRO\u00ae KERABOL BIOTIN&#8217;i soovitatakse pidevalt manustada hobustele, kellel on kabja sarveskestas t\u00f5siseid muutusi, v\u00e4hemalt 6 kuu jooksul vastavalt s\u00f6\u00f6tmisjuhistele.<br \/>\nNB! Mikroelementide maksimaalsete kindlaksm\u00e4\u00e4ratud piirv\u00e4\u00e4rtuste t\u00f5ttu ei tohi annus \u00fcletada 200g \/ 500 kg hobuse kohta p\u00e4evas.<br \/>\nP\u00e4rast kasutamist sulgeda pakend hoolikalt kaanega.<\/p>\n","protected":false},"featured_media":19570,"template":"","meta":[],"product_brand":[],"product_cat":[757,158],"product_tag":[],"class_list":{"0":"post-3225","1":"product","2":"type-product","3":"status-publish","4":"has-post-thumbnail","6":"product_cat-hobuste-tervisehoid-2","7":"product_cat-hobusele","9":"first","10":"instock","11":"taxable","12":"shipping-taxable","13":"purchasable","14":"product-type-simple"},"_links":{"self":[{"href":"https:\/\/www.allforhorses.ee\/en\/wp-json\/wp\/v2\/product\/3225","targetHints":{"allow":["GET"]}}],"collection":[{"href":"https:\/\/www.allforhorses.ee\/en\/wp-json\/wp\/v2\/product"}],"about":[{"href":"https:\/\/www.allforhorses.ee\/en\/wp-json\/wp\/v2\/types\/product"}],"wp:featuredmedia":[{"embeddable":true,"href":"https:\/\/www.allforhorses.ee\/en\/wp-json\/wp\/v2\/media\/19570"}],"wp:attachment":[{"href":"https:\/\/www.allforhorses.ee\/en\/wp-json\/wp\/v2\/media?parent=3225"}],"wp:term":[{"taxonomy":"product_brand","embeddable":true,"href":"https:\/\/www.allforhorses.ee\/en\/wp-json\/wp\/v2\/product_brand?post=3225"},{"taxonomy":"product_cat","embeddable":true,"href":"https:\/\/www.allforhorses.ee\/en\/wp-json\/wp\/v2\/product_cat?post=3225"},{"taxonomy":"product_tag","embeddable":true,"href":"https:\/\/www.allforhorses.ee\/en\/wp-json\/wp\/v2\/product_tag?post=3225"}],"curies":[{"name":"wp","href":"https:\/\/api.w.org\/{rel}","templated":true}]}}