{"id":31893,"date":"2023-09-23T08:55:45","date_gmt":"2023-09-23T08:55:45","guid":{"rendered":"https:\/\/www.allforhorses.ee\/?post_type=product&#038;p=31893"},"modified":"2023-09-23T09:52:29","modified_gmt":"2023-09-23T09:52:29","slug":"hkm-ratsapluus-rosewood-allover-print","status":"publish","type":"product","link":"https:\/\/www.allforhorses.ee\/en\/toode\/hkm-ratsapluus-rosewood-allover-print\/","title":{"rendered":"HKM Ratsapluus &#8220;Rosewood Allover Print&#8221;"},"content":{"rendered":"","protected":false},"excerpt":{"rendered":"<p><strong>HKM pikkade varrukatega ratsapluus <\/strong>&#8211; hingav, taljesse t\u00f6\u00f6deldud.<strong><br \/>\n<\/strong>Masinpestav 30 kraadiga.<strong><br \/>\n<\/strong>Materjal: 90% pol\u00fcester, 10% elastaan.<strong><br \/>\n<\/strong><\/p>\n<p><em>Tarne 10-14 t\u00f6\u00f6p\u00e4eva.<\/em><\/p>\n","protected":false},"featured_media":31909,"template":"","meta":[],"product_brand":[],"product_cat":[109,125,127],"product_tag":[],"class_list":{"0":"post-31893","1":"product","2":"type-product","3":"status-publish","4":"has-post-thumbnail","6":"product_cat-ratsariided","7":"product_cat-ratsasargid-ja-pluusid","8":"product_cat-pikkade-varrukatega-ratsapluusid","10":"first","11":"instock","12":"taxable","13":"shipping-taxable","14":"purchasable","15":"product-type-variable"},"_links":{"self":[{"href":"https:\/\/www.allforhorses.ee\/en\/wp-json\/wp\/v2\/product\/31893","targetHints":{"allow":["GET"]}}],"collection":[{"href":"https:\/\/www.allforhorses.ee\/en\/wp-json\/wp\/v2\/product"}],"about":[{"href":"https:\/\/www.allforhorses.ee\/en\/wp-json\/wp\/v2\/types\/product"}],"wp:featuredmedia":[{"embeddable":true,"href":"https:\/\/www.allforhorses.ee\/en\/wp-json\/wp\/v2\/media\/31909"}],"wp:attachment":[{"href":"https:\/\/www.allforhorses.ee\/en\/wp-json\/wp\/v2\/media?parent=31893"}],"wp:term":[{"taxonomy":"product_brand","embeddable":true,"href":"https:\/\/www.allforhorses.ee\/en\/wp-json\/wp\/v2\/product_brand?post=31893"},{"taxonomy":"product_cat","embeddable":true,"href":"https:\/\/www.allforhorses.ee\/en\/wp-json\/wp\/v2\/product_cat?post=31893"},{"taxonomy":"product_tag","embeddable":true,"href":"https:\/\/www.allforhorses.ee\/en\/wp-json\/wp\/v2\/product_tag?post=31893"}],"curies":[{"name":"wp","href":"https:\/\/api.w.org\/{rel}","templated":true}]}}