{"id":31395,"date":"2023-09-15T13:07:52","date_gmt":"2023-09-15T13:07:52","guid":{"rendered":"https:\/\/www.allforhorses.ee\/?post_type=product&#038;p=31395"},"modified":"2024-03-18T07:42:44","modified_gmt":"2024-03-18T07:42:44","slug":"hkm-jope-performance","status":"publish","type":"product","link":"https:\/\/www.allforhorses.ee\/en\/toode\/hkm-jope-performance\/","title":{"rendered":"HKM Jope &#8220;Performance&#8221;"},"content":{"rendered":"","protected":false},"excerpt":{"rendered":"<p><strong>HKM Softshell Jope &#8220;<span class=\"base\" data-ui-id=\"page-title-wrapper\">Performance<\/span>&#8221; <\/strong>on veekindel, hingav. Taljesse hoidev kuju. Esik\u00fcljel on 2 taskut, eemaldatav kaputs.<br \/>\nMasinpestav 30 kraadi juures.<\/p>\n<p>V\u00e4rv: kollane.<\/p>\n<p><em>HKM Jope &#8220;Sport Ladies&#8221; on ainult ettetellimisel(tarne u 14 t\u00f6\u00f6p\u00e4eva).<\/em><\/p>\n","protected":false},"featured_media":31421,"template":"","meta":[],"product_brand":[],"product_cat":[109,122,123],"product_tag":[],"class_list":{"0":"post-31395","1":"product","2":"type-product","3":"status-publish","4":"has-post-thumbnail","6":"product_cat-ratsariided","7":"product_cat-ratsajoped-ja-vestid","8":"product_cat-ratsajoped-ja-mantlid","10":"first","11":"instock","12":"taxable","13":"shipping-taxable","14":"purchasable","15":"product-type-variable"},"_links":{"self":[{"href":"https:\/\/www.allforhorses.ee\/en\/wp-json\/wp\/v2\/product\/31395","targetHints":{"allow":["GET"]}}],"collection":[{"href":"https:\/\/www.allforhorses.ee\/en\/wp-json\/wp\/v2\/product"}],"about":[{"href":"https:\/\/www.allforhorses.ee\/en\/wp-json\/wp\/v2\/types\/product"}],"wp:featuredmedia":[{"embeddable":true,"href":"https:\/\/www.allforhorses.ee\/en\/wp-json\/wp\/v2\/media\/31421"}],"wp:attachment":[{"href":"https:\/\/www.allforhorses.ee\/en\/wp-json\/wp\/v2\/media?parent=31395"}],"wp:term":[{"taxonomy":"product_brand","embeddable":true,"href":"https:\/\/www.allforhorses.ee\/en\/wp-json\/wp\/v2\/product_brand?post=31395"},{"taxonomy":"product_cat","embeddable":true,"href":"https:\/\/www.allforhorses.ee\/en\/wp-json\/wp\/v2\/product_cat?post=31395"},{"taxonomy":"product_tag","embeddable":true,"href":"https:\/\/www.allforhorses.ee\/en\/wp-json\/wp\/v2\/product_tag?post=31395"}],"curies":[{"name":"wp","href":"https:\/\/api.w.org\/{rel}","templated":true}]}}