{"id":31308,"date":"2023-09-15T12:46:37","date_gmt":"2023-09-15T12:46:37","guid":{"rendered":"https:\/\/www.allforhorses.ee\/?post_type=product&#038;p=31308"},"modified":"2023-10-01T09:21:40","modified_gmt":"2023-10-01T09:21:40","slug":"hkm-pehmendustega-jalakaitsmed-classic-polo","status":"publish","type":"product","link":"https:\/\/www.allforhorses.ee\/en\/toode\/hkm-pehmendustega-jalakaitsmed-classic-polo\/","title":{"rendered":"HKM Pehmendustega Jalakaitsmed &#8220;Classic Polo&#8221;"},"content":{"rendered":"","protected":false},"excerpt":{"rendered":"<p><b> Hkm Pehmendustega Jalakaitsmed <\/b>on pehmendatud kunstkarvaga. Elastsed kinnitused(5cm) tagavad ideaalse sobivuse hobuse jalaga.<br \/>\n1680D.<\/p>\n<p><em>Jalakaitsmed on ainult ettetellimisel(tarneaeg 10-14 t\u00f6\u00f6p\u00e4eva).<\/em><\/p>\n","protected":false},"featured_media":31313,"template":"","meta":[],"product_brand":[],"product_cat":[158,236,237,238],"product_tag":[],"class_list":{"0":"post-31308","1":"product","2":"type-product","3":"status-publish","4":"has-post-thumbnail","6":"product_cat-hobusele","7":"product_cat-hobuste-jalakaitsmed-ja-kalossid","8":"product_cat-esijalakaitsmed","9":"product_cat-tagajalakaitsmed","11":"first","12":"instock","13":"taxable","14":"shipping-taxable","15":"purchasable","16":"product-type-variable"},"_links":{"self":[{"href":"https:\/\/www.allforhorses.ee\/en\/wp-json\/wp\/v2\/product\/31308","targetHints":{"allow":["GET"]}}],"collection":[{"href":"https:\/\/www.allforhorses.ee\/en\/wp-json\/wp\/v2\/product"}],"about":[{"href":"https:\/\/www.allforhorses.ee\/en\/wp-json\/wp\/v2\/types\/product"}],"wp:featuredmedia":[{"embeddable":true,"href":"https:\/\/www.allforhorses.ee\/en\/wp-json\/wp\/v2\/media\/31313"}],"wp:attachment":[{"href":"https:\/\/www.allforhorses.ee\/en\/wp-json\/wp\/v2\/media?parent=31308"}],"wp:term":[{"taxonomy":"product_brand","embeddable":true,"href":"https:\/\/www.allforhorses.ee\/en\/wp-json\/wp\/v2\/product_brand?post=31308"},{"taxonomy":"product_cat","embeddable":true,"href":"https:\/\/www.allforhorses.ee\/en\/wp-json\/wp\/v2\/product_cat?post=31308"},{"taxonomy":"product_tag","embeddable":true,"href":"https:\/\/www.allforhorses.ee\/en\/wp-json\/wp\/v2\/product_tag?post=31308"}],"curies":[{"name":"wp","href":"https:\/\/api.w.org\/{rel}","templated":true}]}}