{"id":31002,"date":"2023-09-14T09:57:23","date_gmt":"2023-09-14T09:57:23","guid":{"rendered":"https:\/\/www.allforhorses.ee\/?post_type=product&#038;p=31002"},"modified":"2025-11-25T15:24:42","modified_gmt":"2025-11-25T15:24:42","slug":"hkm-naturaalse-lambakarvaga-kukla-ja-ninapehmendus","status":"publish","type":"product","link":"https:\/\/www.allforhorses.ee\/en\/toode\/hkm-naturaalse-lambakarvaga-kukla-ja-ninapehmendus\/","title":{"rendered":"HKM Naturaalse Lambakarvaga Kukla- v\u00f5i Ninapehmendus"},"content":{"rendered":"","protected":false},"excerpt":{"rendered":"<p><strong>HKM Naturaalse Lambakarvaga Kukla- v\u00f5i Ninapehmendus(1tk)<\/strong> on terapeutiliste omadustega. Lambakarvaga pehmendus ennetab h\u00f5\u00f5rdumist ja harjutab survepunkte.<br \/>\nPikkus: 30cm.<\/p>\n<p><em>Tarne u 14 t\u00f6\u00f6p\u00e4eva.<\/em><\/p>\n","protected":false},"featured_media":31005,"template":"","meta":[],"product_brand":[],"product_cat":[158,212,228],"product_tag":[],"class_list":{"0":"post-31002","1":"product","2":"type-product","3":"status-publish","4":"has-post-thumbnail","6":"product_cat-hobusele","7":"product_cat-valjad-ja-tarvikud","8":"product_cat-kukla-ja-ninapehmendused","10":"first","11":"instock","12":"taxable","13":"shipping-taxable","14":"purchasable","15":"product-type-simple"},"_links":{"self":[{"href":"https:\/\/www.allforhorses.ee\/en\/wp-json\/wp\/v2\/product\/31002","targetHints":{"allow":["GET"]}}],"collection":[{"href":"https:\/\/www.allforhorses.ee\/en\/wp-json\/wp\/v2\/product"}],"about":[{"href":"https:\/\/www.allforhorses.ee\/en\/wp-json\/wp\/v2\/types\/product"}],"wp:featuredmedia":[{"embeddable":true,"href":"https:\/\/www.allforhorses.ee\/en\/wp-json\/wp\/v2\/media\/31005"}],"wp:attachment":[{"href":"https:\/\/www.allforhorses.ee\/en\/wp-json\/wp\/v2\/media?parent=31002"}],"wp:term":[{"taxonomy":"product_brand","embeddable":true,"href":"https:\/\/www.allforhorses.ee\/en\/wp-json\/wp\/v2\/product_brand?post=31002"},{"taxonomy":"product_cat","embeddable":true,"href":"https:\/\/www.allforhorses.ee\/en\/wp-json\/wp\/v2\/product_cat?post=31002"},{"taxonomy":"product_tag","embeddable":true,"href":"https:\/\/www.allforhorses.ee\/en\/wp-json\/wp\/v2\/product_tag?post=31002"}],"curies":[{"name":"wp","href":"https:\/\/api.w.org\/{rel}","templated":true}]}}