{"id":2787,"date":"2019-02-22T15:40:58","date_gmt":"2019-02-22T15:40:58","guid":{"rendered":"https:\/\/www.allforhorses.ee\/?post_type=product&#038;p=2787"},"modified":"2026-03-09T14:14:10","modified_gmt":"2026-03-09T14:14:10","slug":"pe-rakendisuuline","status":"publish","type":"product","link":"https:\/\/www.allforhorses.ee\/en\/toode\/pe-rakendisuuline\/","title":{"rendered":"PE Rakendisuuline"},"content":{"rendered":"","protected":false},"excerpt":{"rendered":"<p><strong>PE rakendisuuline 16mm(German silver)<\/strong><br \/>\nKaks erinevat k\u00f5rgust ohjade kinnitamiseks. Alumise r\u00f5ngaga toimib kangi-efektiga.<br \/>\nSuurused 9,5 &#8211; 16,5 cm.<\/p>\n<p><em>LAOS 14,5cm.<br \/>\nTarneaeg 10-14 t\u00f6\u00f6p\u00e4eva.<\/em><\/p>\n","protected":false},"featured_media":38482,"template":"","meta":[],"product_brand":[],"product_cat":[158,216],"product_tag":[],"class_list":{"0":"post-2787","1":"product","2":"type-product","3":"status-publish","4":"has-post-thumbnail","6":"product_cat-hobusele","7":"product_cat-suulised","9":"first","10":"instock","11":"taxable","12":"shipping-taxable","13":"purchasable","14":"product-type-variable"},"_links":{"self":[{"href":"https:\/\/www.allforhorses.ee\/en\/wp-json\/wp\/v2\/product\/2787","targetHints":{"allow":["GET"]}}],"collection":[{"href":"https:\/\/www.allforhorses.ee\/en\/wp-json\/wp\/v2\/product"}],"about":[{"href":"https:\/\/www.allforhorses.ee\/en\/wp-json\/wp\/v2\/types\/product"}],"wp:featuredmedia":[{"embeddable":true,"href":"https:\/\/www.allforhorses.ee\/en\/wp-json\/wp\/v2\/media\/38482"}],"wp:attachment":[{"href":"https:\/\/www.allforhorses.ee\/en\/wp-json\/wp\/v2\/media?parent=2787"}],"wp:term":[{"taxonomy":"product_brand","embeddable":true,"href":"https:\/\/www.allforhorses.ee\/en\/wp-json\/wp\/v2\/product_brand?post=2787"},{"taxonomy":"product_cat","embeddable":true,"href":"https:\/\/www.allforhorses.ee\/en\/wp-json\/wp\/v2\/product_cat?post=2787"},{"taxonomy":"product_tag","embeddable":true,"href":"https:\/\/www.allforhorses.ee\/en\/wp-json\/wp\/v2\/product_tag?post=2787"}],"curies":[{"name":"wp","href":"https:\/\/api.w.org\/{rel}","templated":true}]}}