{"id":26611,"date":"2023-08-01T09:38:01","date_gmt":"2023-08-01T09:38:01","guid":{"rendered":"https:\/\/www.allforhorses.ee\/?post_type=product&#038;p=26611"},"modified":"2023-09-01T16:57:29","modified_gmt":"2023-09-01T16:57:29","slug":"kunstkarvast-sadulavoo-pehmendus-60cm","status":"publish","type":"product","link":"https:\/\/www.allforhorses.ee\/en\/toode\/kunstkarvast-sadulavoo-pehmendus-60cm\/","title":{"rendered":"Kunstkarvast Sadulav\u00f6\u00f6 Pehmendus 60cm"},"content":{"rendered":"","protected":false},"excerpt":{"rendered":"<p><strong>Kunstkarvast Sadulav\u00f6\u00f6 Pehmendus <\/strong>sobib nii pikadele kui ka l\u00fchikestele sadulav\u00f6\u00f6dele. Suurep\u00e4arane vahend survepunktide hajutamiseks. Materjal: 60% pol\u00fceester, 30% pol\u00fcakr\u00fc\u00fcl, 10% puuvill.<\/p>\n<p>Suurus: 60cm.<\/p>\n","protected":false},"featured_media":26613,"template":"","meta":[],"product_brand":[],"product_cat":[158,196,203],"product_tag":[],"class_list":{"0":"post-26611","1":"product","2":"type-product","3":"status-publish","4":"has-post-thumbnail","6":"product_cat-hobusele","7":"product_cat-sadulavood","8":"product_cat-sadulavoo-pehmendused","10":"first","11":"instock","12":"taxable","13":"shipping-taxable","14":"purchasable","15":"product-type-simple"},"_links":{"self":[{"href":"https:\/\/www.allforhorses.ee\/en\/wp-json\/wp\/v2\/product\/26611","targetHints":{"allow":["GET"]}}],"collection":[{"href":"https:\/\/www.allforhorses.ee\/en\/wp-json\/wp\/v2\/product"}],"about":[{"href":"https:\/\/www.allforhorses.ee\/en\/wp-json\/wp\/v2\/types\/product"}],"wp:featuredmedia":[{"embeddable":true,"href":"https:\/\/www.allforhorses.ee\/en\/wp-json\/wp\/v2\/media\/26613"}],"wp:attachment":[{"href":"https:\/\/www.allforhorses.ee\/en\/wp-json\/wp\/v2\/media?parent=26611"}],"wp:term":[{"taxonomy":"product_brand","embeddable":true,"href":"https:\/\/www.allforhorses.ee\/en\/wp-json\/wp\/v2\/product_brand?post=26611"},{"taxonomy":"product_cat","embeddable":true,"href":"https:\/\/www.allforhorses.ee\/en\/wp-json\/wp\/v2\/product_cat?post=26611"},{"taxonomy":"product_tag","embeddable":true,"href":"https:\/\/www.allforhorses.ee\/en\/wp-json\/wp\/v2\/product_tag?post=26611"}],"curies":[{"name":"wp","href":"https:\/\/api.w.org\/{rel}","templated":true}]}}