{"id":25590,"date":"2023-06-22T20:39:41","date_gmt":"2023-06-22T20:39:41","guid":{"rendered":"https:\/\/www.allforhorses.ee\/?post_type=product&#038;p=25590"},"modified":"2024-03-17T06:30:22","modified_gmt":"2024-03-17T06:30:22","slug":"kaelaosaga-putukatekk-summer","status":"publish","type":"product","link":"https:\/\/www.allforhorses.ee\/en\/toode\/kaelaosaga-putukatekk-summer\/","title":{"rendered":"Kaelaosaga Putukatekk &#8220;Summer&#8221;"},"content":{"rendered":"","protected":false},"excerpt":{"rendered":"<p><b>Shires Kaelaosa\u00a0<\/b><strong>ja K\u00f5huklapiga\u00a0<\/strong><b>Putukatekk\u00a0<\/b>on hingav,\u00a0kaitseb hobuseid putukate eest, UV kaitse. Pehme UV kaitsega pol\u00fcester v\u00f5rkmaterjal, peegeldab ca 90% UV kiirgusest. K\u00f5hualune kaitse, sabaklapp.<br \/>\nPutukatekk on masinpestav 30 kraadise pesuprogrammiga.<\/p>\n","protected":false},"featured_media":25596,"template":"","meta":[],"product_brand":[],"product_cat":[158,244,248,204,207],"product_tag":[],"class_list":{"0":"post-25590","1":"product","2":"type-product","3":"status-publish","4":"has-post-thumbnail","6":"product_cat-hobusele","7":"product_cat-hobuste-tekid-tarvikud","8":"product_cat-putukatekid-hobuste-tekid-tarvikud","9":"product_cat-putukatorje-vahendid","10":"product_cat-putukatekid","12":"first","13":"instock","14":"taxable","15":"shipping-taxable","16":"purchasable","17":"product-type-variable"},"_links":{"self":[{"href":"https:\/\/www.allforhorses.ee\/en\/wp-json\/wp\/v2\/product\/25590","targetHints":{"allow":["GET"]}}],"collection":[{"href":"https:\/\/www.allforhorses.ee\/en\/wp-json\/wp\/v2\/product"}],"about":[{"href":"https:\/\/www.allforhorses.ee\/en\/wp-json\/wp\/v2\/types\/product"}],"wp:featuredmedia":[{"embeddable":true,"href":"https:\/\/www.allforhorses.ee\/en\/wp-json\/wp\/v2\/media\/25596"}],"wp:attachment":[{"href":"https:\/\/www.allforhorses.ee\/en\/wp-json\/wp\/v2\/media?parent=25590"}],"wp:term":[{"taxonomy":"product_brand","embeddable":true,"href":"https:\/\/www.allforhorses.ee\/en\/wp-json\/wp\/v2\/product_brand?post=25590"},{"taxonomy":"product_cat","embeddable":true,"href":"https:\/\/www.allforhorses.ee\/en\/wp-json\/wp\/v2\/product_cat?post=25590"},{"taxonomy":"product_tag","embeddable":true,"href":"https:\/\/www.allforhorses.ee\/en\/wp-json\/wp\/v2\/product_tag?post=25590"}],"curies":[{"name":"wp","href":"https:\/\/api.w.org\/{rel}","templated":true}]}}