{"id":25526,"date":"2023-06-22T13:18:33","date_gmt":"2023-06-22T13:18:33","guid":{"rendered":"https:\/\/www.allforhorses.ee\/?post_type=product&#038;p=25526"},"modified":"2025-03-17T14:08:13","modified_gmt":"2025-03-17T14:08:13","slug":"hippica-nahast-saarised-roma","status":"publish","type":"product","link":"https:\/\/www.allforhorses.ee\/en\/toode\/hippica-nahast-saarised-roma\/","title":{"rendered":"Hippica Nahast S\u00e4\u00e4rised &#8220;Roma&#8221;"},"content":{"rendered":"","protected":false},"excerpt":{"rendered":"<p><strong>Hippica Nahast S\u00e4\u00e4rised<\/strong>\u00a0on tehtud pehmest ja v\u00e4ga kvaliteetsest nahast. Lukk on s\u00e4\u00e4rise tagaosal ja k\u00fcljel on elastikosa tagamaks hea sobivuse ja kandmismugavuse. Puhastada nahahooldusvahenditega.<br \/>\nTootja: ZBIGNIEW KOSTRZEWSKI.<\/p>\n<p>&nbsp;<\/p>\n","protected":false},"featured_media":25542,"template":"","meta":[],"product_brand":[],"product_cat":[109,134,135],"product_tag":[],"class_list":{"0":"post-25526","1":"product","2":"type-product","3":"status-publish","4":"has-post-thumbnail","6":"product_cat-ratsariided","7":"product_cat-saarised","8":"product_cat-nahast-saarised","10":"first","11":"outofstock","12":"taxable","13":"shipping-taxable","14":"purchasable","15":"product-type-variable"},"_links":{"self":[{"href":"https:\/\/www.allforhorses.ee\/en\/wp-json\/wp\/v2\/product\/25526","targetHints":{"allow":["GET"]}}],"collection":[{"href":"https:\/\/www.allforhorses.ee\/en\/wp-json\/wp\/v2\/product"}],"about":[{"href":"https:\/\/www.allforhorses.ee\/en\/wp-json\/wp\/v2\/types\/product"}],"wp:featuredmedia":[{"embeddable":true,"href":"https:\/\/www.allforhorses.ee\/en\/wp-json\/wp\/v2\/media\/25542"}],"wp:attachment":[{"href":"https:\/\/www.allforhorses.ee\/en\/wp-json\/wp\/v2\/media?parent=25526"}],"wp:term":[{"taxonomy":"product_brand","embeddable":true,"href":"https:\/\/www.allforhorses.ee\/en\/wp-json\/wp\/v2\/product_brand?post=25526"},{"taxonomy":"product_cat","embeddable":true,"href":"https:\/\/www.allforhorses.ee\/en\/wp-json\/wp\/v2\/product_cat?post=25526"},{"taxonomy":"product_tag","embeddable":true,"href":"https:\/\/www.allforhorses.ee\/en\/wp-json\/wp\/v2\/product_tag?post=25526"}],"curies":[{"name":"wp","href":"https:\/\/api.w.org\/{rel}","templated":true}]}}