{"id":25048,"date":"2023-05-16T08:41:47","date_gmt":"2023-05-16T08:41:47","guid":{"rendered":"https:\/\/www.allforhorses.ee\/?post_type=product&#038;p=25048"},"modified":"2025-07-11T11:58:09","modified_gmt":"2025-07-11T11:58:09","slug":"elastne-putukamask-uv-kaitsega-pro-stretch","status":"publish","type":"product","link":"https:\/\/www.allforhorses.ee\/en\/toode\/elastne-putukamask-uv-kaitsega-pro-stretch\/","title":{"rendered":"Elastne Putukamask UV-kaitsega &#8220;Pro Stretch&#8221;"},"content":{"rendered":"","protected":false},"excerpt":{"rendered":"<p><strong>Shires Elastne Putukamask(extra soft) <\/strong>kaitseb hobuse n\u00e4gu k\u00e4rbeste ja teiste putukate eest. Maskil on pehmendatud \u00e4\u00e4red. Ei vaju hobuse silmade peale, 180 kraadi visiir.<br \/>\nPeal, k\u00f5rvadel, ninal ja p\u00f5skedel\u00a070+% UV kaitse, silmadel 60+% UV kaitse.H\u00e4sti elastne, lihtsalt t\u00f5mba hobusele \u00fcle k\u00f5rvade mask p\u00e4he.<br \/>\nT\u00e4ielikult suletud. 100% kaitse igast nurgast.<br \/>\nVastupidav, sobib h\u00e4sti koplis kasutamiseks.<br \/>\nMasinpestav 30 kraadise veeprogrammiga.<\/p>\n<p>&nbsp;<\/p>\n","protected":false},"featured_media":25057,"template":"","meta":[],"product_brand":[],"product_cat":[158,204,206,753],"product_tag":[],"class_list":{"0":"post-25048","1":"product","2":"type-product","3":"status-publish","4":"has-post-thumbnail","6":"product_cat-hobusele","7":"product_cat-putukatorje-vahendid","8":"product_cat-putukamaskid","9":"product_cat-suurtele-hobustele","11":"first","12":"outofstock","13":"taxable","14":"shipping-taxable","15":"purchasable","16":"product-type-variable"},"_links":{"self":[{"href":"https:\/\/www.allforhorses.ee\/en\/wp-json\/wp\/v2\/product\/25048","targetHints":{"allow":["GET"]}}],"collection":[{"href":"https:\/\/www.allforhorses.ee\/en\/wp-json\/wp\/v2\/product"}],"about":[{"href":"https:\/\/www.allforhorses.ee\/en\/wp-json\/wp\/v2\/types\/product"}],"wp:featuredmedia":[{"embeddable":true,"href":"https:\/\/www.allforhorses.ee\/en\/wp-json\/wp\/v2\/media\/25057"}],"wp:attachment":[{"href":"https:\/\/www.allforhorses.ee\/en\/wp-json\/wp\/v2\/media?parent=25048"}],"wp:term":[{"taxonomy":"product_brand","embeddable":true,"href":"https:\/\/www.allforhorses.ee\/en\/wp-json\/wp\/v2\/product_brand?post=25048"},{"taxonomy":"product_cat","embeddable":true,"href":"https:\/\/www.allforhorses.ee\/en\/wp-json\/wp\/v2\/product_cat?post=25048"},{"taxonomy":"product_tag","embeddable":true,"href":"https:\/\/www.allforhorses.ee\/en\/wp-json\/wp\/v2\/product_tag?post=25048"}],"curies":[{"name":"wp","href":"https:\/\/api.w.org\/{rel}","templated":true}]}}