{"id":20138,"date":"2023-01-07T22:44:01","date_gmt":"2023-01-25T20:22:24","guid":{"rendered":"https:\/\/www.allforhorses.ee\/toode\/ako-sunpower-s250\/"},"modified":"2023-01-25T20:22:24","modified_gmt":"2023-01-25T20:22:24","slug":"ako-sunpower-s250","status":"publish","type":"product","link":"https:\/\/www.allforhorses.ee\/en\/toode\/ako-sunpower-s250\/","title":{"rendered":"AKO &#8220;SunPOWER S250&#8221;"},"content":{"rendered":"","protected":false},"excerpt":{"rendered":"<p><strong>AKO &#8220;SunPOWER S250&#8221;<\/strong> &#8211; highly effective compact solar device, ideal for hose paddocks and smaller fence systems without vegetation. Deep discharge protection for battery voltage &lt; 11.2 Volt &#8211; (if activated =&gt; only red flashing). Use the natural power of the sun! For 6 km area.<br \/>\n\u2022 <strong>very effective compact solar device<\/strong><br \/>\n\u2022 ideal for horse coupling and smaller fence systems without vegetation<br \/>\n\u2022 Deep discharge protection at battery voltage &lt; 11.2 volts &#8211; (if activated = &gt; only red flashing)<br \/>\n\u2022 Intelligent battery management with deep discharge protection: 2 weeks running time without sun and long battery life<br \/>\n\u2022 incl. 12 Volt, 4 Ah battery and 3W solar module<br \/>\n\u2022 incl. 230 volt AC charging adapter<br \/>\n\u2022 incl. earth and fence connection cable &amp; ground spit<\/p>\n<div class=\"productMain\">\n<div class=\"smlMain\">\n<p>Included in delivery:<br \/>\n\u2022 integrated 12 V, 4 Ah battery<br \/>\n\u2022 integrated 12 V, 3 W solar module<br \/>\n\u2022 230 volt AC adapter for recharging the gel battery or for maintenance charging during the winter months<br \/>\n\u2022 Connection cable for fence and ground connection<br \/>\n\u2022 Ground skewer<\/p>\n<\/div>\n<\/div>\n<p><em>Elektrikarjus on ainult ettetellimisel(tarne 14 t\u00f6\u00f6p\u00e4eva).<\/em><\/p>\n","protected":false},"featured_media":19772,"template":"","meta":[],"product_brand":[],"product_cat":[558,559],"product_tag":[],"class_list":{"0":"post-20138","1":"product","2":"type-product","3":"status-publish","4":"has-post-thumbnail","6":"product_cat-stable-pastureproducts","7":"product_cat-ele","9":"first","10":"instock","11":"taxable","12":"shipping-taxable","13":"purchasable","14":"product-type-simple"},"_links":{"self":[{"href":"https:\/\/www.allforhorses.ee\/en\/wp-json\/wp\/v2\/product\/20138","targetHints":{"allow":["GET"]}}],"collection":[{"href":"https:\/\/www.allforhorses.ee\/en\/wp-json\/wp\/v2\/product"}],"about":[{"href":"https:\/\/www.allforhorses.ee\/en\/wp-json\/wp\/v2\/types\/product"}],"wp:featuredmedia":[{"embeddable":true,"href":"https:\/\/www.allforhorses.ee\/en\/wp-json\/wp\/v2\/media\/19772"}],"wp:attachment":[{"href":"https:\/\/www.allforhorses.ee\/en\/wp-json\/wp\/v2\/media?parent=20138"}],"wp:term":[{"taxonomy":"product_brand","embeddable":true,"href":"https:\/\/www.allforhorses.ee\/en\/wp-json\/wp\/v2\/product_brand?post=20138"},{"taxonomy":"product_cat","embeddable":true,"href":"https:\/\/www.allforhorses.ee\/en\/wp-json\/wp\/v2\/product_cat?post=20138"},{"taxonomy":"product_tag","embeddable":true,"href":"https:\/\/www.allforhorses.ee\/en\/wp-json\/wp\/v2\/product_tag?post=20138"}],"curies":[{"name":"wp","href":"https:\/\/api.w.org\/{rel}","templated":true}]}}