{"id":17119,"date":"2022-02-03T12:52:14","date_gmt":"2022-02-03T12:52:14","guid":{"rendered":"https:\/\/www.allforhorses.ee\/?post_type=product&#038;p=17119"},"modified":"2023-01-17T22:00:32","modified_gmt":"2023-01-17T22:00:32","slug":"sadelevad-jalakaitsmed-berry","status":"publish","type":"product","link":"https:\/\/www.allforhorses.ee\/en\/toode\/sadelevad-jalakaitsmed-berry\/","title":{"rendered":"HKM Jalakaitsmed &#8220;Berry&#8221;"},"content":{"rendered":"","protected":false},"excerpt":{"rendered":"<p><strong>HKM S\u00e4delevad Jalakaitsmed Softopren &#8220;Berry&#8221;<\/strong>\u00a0\u00a0kaitsevad jalgu riivlemise ja l\u00f6\u00f6kide eest. Jalakaitsmed on s\u00e4delevad ja silmapaistvad. Komplektis on 2 tk.<\/p>\n<ul>\n<li>touch close fastening<\/li>\n<li>elasticated softopren fabric<\/li>\n<li>machine washable at 30 degrees<\/li>\n<li>suitable for dryer<\/li>\n<li>before washing close touch close fastenings<\/li>\n<li>per pair<\/li>\n<\/ul>\n<p>H\u00e4sti sobivad koos <a href=\"https:\/\/www.allforhorses.ee\/toode\/hkm-kalossid-berry\/\">kalossid<\/a>\u00a0ja <a href=\"https:\/\/www.allforhorses.ee\/toode\/hkm-koolisoiduvaltrap-berry\/\">valtrapiga<\/a><\/p>\n<p><em>Jalakaitsmed &#8220;Berry&#8221; tarneaeg on 14 t\u00f6\u00f6p\u00e4eva.<\/em><\/p>\n","protected":false},"featured_media":20075,"template":"","meta":[],"product_brand":[],"product_cat":[158,236,237,238],"product_tag":[],"class_list":{"0":"post-17119","1":"product","2":"type-product","3":"status-publish","4":"has-post-thumbnail","6":"product_cat-hobusele","7":"product_cat-hobuste-jalakaitsmed-ja-kalossid","8":"product_cat-esijalakaitsmed","9":"product_cat-tagajalakaitsmed","11":"first","12":"instock","13":"taxable","14":"shipping-taxable","15":"purchasable","16":"product-type-variable"},"_links":{"self":[{"href":"https:\/\/www.allforhorses.ee\/en\/wp-json\/wp\/v2\/product\/17119","targetHints":{"allow":["GET"]}}],"collection":[{"href":"https:\/\/www.allforhorses.ee\/en\/wp-json\/wp\/v2\/product"}],"about":[{"href":"https:\/\/www.allforhorses.ee\/en\/wp-json\/wp\/v2\/types\/product"}],"wp:featuredmedia":[{"embeddable":true,"href":"https:\/\/www.allforhorses.ee\/en\/wp-json\/wp\/v2\/media\/20075"}],"wp:attachment":[{"href":"https:\/\/www.allforhorses.ee\/en\/wp-json\/wp\/v2\/media?parent=17119"}],"wp:term":[{"taxonomy":"product_brand","embeddable":true,"href":"https:\/\/www.allforhorses.ee\/en\/wp-json\/wp\/v2\/product_brand?post=17119"},{"taxonomy":"product_cat","embeddable":true,"href":"https:\/\/www.allforhorses.ee\/en\/wp-json\/wp\/v2\/product_cat?post=17119"},{"taxonomy":"product_tag","embeddable":true,"href":"https:\/\/www.allforhorses.ee\/en\/wp-json\/wp\/v2\/product_tag?post=17119"}],"curies":[{"name":"wp","href":"https:\/\/api.w.org\/{rel}","templated":true}]}}