{"id":16128,"date":"2021-10-11T17:16:02","date_gmt":"2021-10-11T17:16:02","guid":{"rendered":"https:\/\/www.allforhorses.ee\/?post_type=product&#038;p=16128"},"modified":"2025-02-28T12:56:13","modified_gmt":"2025-02-28T12:56:13","slug":"benseeicke-tsinkoksiidi-sprei","status":"publish","type":"product","link":"https:\/\/www.allforhorses.ee\/en\/toode\/benseeicke-tsinkoksiidi-sprei\/","title":{"rendered":"Bense&#038;Eicke Tsinkoksiidi Sprei"},"content":{"rendered":"","protected":false},"excerpt":{"rendered":"<div class=\"description\">\n<p><strong>Bense&amp;Eicke Tsinkoksiidi sprei(200ml) &#8211; <\/strong>toetab looma naha loomulikku regeneratsiooni. Toimib nagu salv-side, mis hoiab naha elastsena ning millel on suurep\u00e4rane kaitsev toime.<br \/>\nV\u00f5ib kasutada kui kaitsekatet v\u00f5i ise\u00e4ranis stressis naha korral.<br \/>\nKASUTAMINE &#8211;\u00a0Enne kasutamist loksutada, kuni sisemine teraspall on koostisosad t\u00e4ielikult laiali raputanud.<br \/>\nPuhastage kahjustunud pind ning pihustage \u00fchtlaselt 10 kuni 20 cm kaetavale pinnale.<br \/>\nEriti tuleohtlik aerosool. Mahuti on r\u00f5hu all: kuumenemisel v\u00f5ib l\u00f5hkeda. P\u00f5hjustab naha\u00e4rritust.<br \/>\nV\u00f5ib p\u00f5hjustada unisust v\u00f5i peap\u00f6\u00f6ritust.<br \/>\nM\u00fcrgine veeorganismidele, pikaajaline toime.<\/p>\n<p><span lang=\"EN-GB\"><span style=\"font-size: medium;\">Koostis: Zinc oxide, lanolin, allantoin.<\/span><\/span><\/p>\n<\/div>\n<form class=\"cart\" enctype=\"multipart\/form-data\" method=\"post\">\n<div class=\"quantity buttons_added\"><\/div>\n<\/form>\n","protected":false},"featured_media":16129,"template":"","meta":[],"product_brand":[],"product_cat":[757,158,259],"product_tag":[],"class_list":{"0":"post-16128","1":"product","2":"type-product","3":"status-publish","4":"has-post-thumbnail","6":"product_cat-hobuste-tervisehoid-2","7":"product_cat-hobusele","8":"product_cat-hobuste-tervisehoid","10":"first","11":"instock","12":"taxable","13":"shipping-taxable","14":"purchasable","15":"product-type-simple"},"_links":{"self":[{"href":"https:\/\/www.allforhorses.ee\/en\/wp-json\/wp\/v2\/product\/16128","targetHints":{"allow":["GET"]}}],"collection":[{"href":"https:\/\/www.allforhorses.ee\/en\/wp-json\/wp\/v2\/product"}],"about":[{"href":"https:\/\/www.allforhorses.ee\/en\/wp-json\/wp\/v2\/types\/product"}],"wp:featuredmedia":[{"embeddable":true,"href":"https:\/\/www.allforhorses.ee\/en\/wp-json\/wp\/v2\/media\/16129"}],"wp:attachment":[{"href":"https:\/\/www.allforhorses.ee\/en\/wp-json\/wp\/v2\/media?parent=16128"}],"wp:term":[{"taxonomy":"product_brand","embeddable":true,"href":"https:\/\/www.allforhorses.ee\/en\/wp-json\/wp\/v2\/product_brand?post=16128"},{"taxonomy":"product_cat","embeddable":true,"href":"https:\/\/www.allforhorses.ee\/en\/wp-json\/wp\/v2\/product_cat?post=16128"},{"taxonomy":"product_tag","embeddable":true,"href":"https:\/\/www.allforhorses.ee\/en\/wp-json\/wp\/v2\/product_tag?post=16128"}],"curies":[{"name":"wp","href":"https:\/\/api.w.org\/{rel}","templated":true}]}}