{"id":15995,"date":"2021-10-06T16:10:54","date_gmt":"2021-10-06T16:10:54","guid":{"rendered":"https:\/\/www.allforhorses.ee\/?post_type=product&#038;p=15995"},"modified":"2025-11-01T14:08:50","modified_gmt":"2025-11-01T14:08:50","slug":"hkm-polvenahkadega-naiste-ratsapuksid-hunter","status":"publish","type":"product","link":"https:\/\/www.allforhorses.ee\/en\/toode\/hkm-polvenahkadega-naiste-ratsapuksid-hunter\/","title":{"rendered":"HKM P\u00f5lvenahkadega Ratsap\u00fcksid &#8220;Hunter&#8221;"},"content":{"rendered":"","protected":false},"excerpt":{"rendered":"<p><strong>HKM P\u00f5lvenahkadega Ratsap\u00fcksid &#8220;Hunter&#8221;<\/strong> on hingavad, pehmed ja mugavad. P\u00fckstel on pehme mittelibisev kunstnahast osa, alt elastse s\u00e4\u00e4reosaga. Vastupidav ja elastne(bi-elastic) kangas.<br \/>\nMasinpestav 30-kraadi juures, sobivad ka pesukuivatisse.<br \/>\nMaterjal: 100% Pol\u00fceester,\u00a090% Nailon, 10% Elastaan.<\/p>\n<p><em>LAOS helepruun 34, 36, 38, 40; roheline 38, 40, 42, 44.<\/em><br \/>\n<em>\u00dclej\u00e4\u00e4nud suurused tarne 10-14 t\u00f6\u00f6p\u00e4eva.<\/em><\/p>\n","protected":false},"featured_media":18076,"template":"","meta":[],"product_brand":[],"product_cat":[109,114,115],"product_tag":[],"class_list":{"0":"post-15995","1":"product","2":"type-product","3":"status-publish","4":"has-post-thumbnail","6":"product_cat-ratsariided","7":"product_cat-ratsapuksid","8":"product_cat-naiste-ratsapuksid","10":"first","11":"instock","12":"taxable","13":"shipping-taxable","14":"purchasable","15":"product-type-variable"},"_links":{"self":[{"href":"https:\/\/www.allforhorses.ee\/en\/wp-json\/wp\/v2\/product\/15995","targetHints":{"allow":["GET"]}}],"collection":[{"href":"https:\/\/www.allforhorses.ee\/en\/wp-json\/wp\/v2\/product"}],"about":[{"href":"https:\/\/www.allforhorses.ee\/en\/wp-json\/wp\/v2\/types\/product"}],"wp:featuredmedia":[{"embeddable":true,"href":"https:\/\/www.allforhorses.ee\/en\/wp-json\/wp\/v2\/media\/18076"}],"wp:attachment":[{"href":"https:\/\/www.allforhorses.ee\/en\/wp-json\/wp\/v2\/media?parent=15995"}],"wp:term":[{"taxonomy":"product_brand","embeddable":true,"href":"https:\/\/www.allforhorses.ee\/en\/wp-json\/wp\/v2\/product_brand?post=15995"},{"taxonomy":"product_cat","embeddable":true,"href":"https:\/\/www.allforhorses.ee\/en\/wp-json\/wp\/v2\/product_cat?post=15995"},{"taxonomy":"product_tag","embeddable":true,"href":"https:\/\/www.allforhorses.ee\/en\/wp-json\/wp\/v2\/product_tag?post=15995"}],"curies":[{"name":"wp","href":"https:\/\/api.w.org\/{rel}","templated":true}]}}