{"id":15532,"date":"2021-06-15T13:05:42","date_gmt":"2021-06-15T13:05:42","guid":{"rendered":"https:\/\/www.allforhorses.ee\/?post_type=product&#038;p=15532"},"modified":"2023-06-01T20:29:00","modified_gmt":"2023-06-01T20:29:00","slug":"hkm-kardinatega-putukamask-fringes","status":"publish","type":"product","link":"https:\/\/www.allforhorses.ee\/en\/toode\/hkm-kardinatega-putukamask-fringes\/","title":{"rendered":"HKM Kardinatega Putukamask &#8220;Fringes&#8221;"},"content":{"rendered":"","protected":false},"excerpt":{"rendered":"<p><strong>HKM Putukamask\u00a0<\/strong>kaitseb hobuse n\u00e4gu ja k\u00f5rvu k\u00e4rbeste ja teiste putukate eest. Takjakinnitus asub l\u00f5ua all. Maskil on pehmendatud \u00e4\u00e4red. Ei vaju hobuse silmade peale. Masinpestav 30 kraadise veeprogrammiga.<\/p>\n<p>H\u00e4sti sobib koos <a href=\"https:\/\/www.allforhorses.ee\/toode\/hkm-kaelaosaga-putukatekk-fringes\/\">Putukatekk &#8220;Fringes&#8221;<\/a><\/p>\n<p><em>Tarne 10-14 t\u00f6\u00f6p\u00e4eva.<\/em><\/p>\n","protected":false},"featured_media":24959,"template":"","meta":[],"product_brand":[],"product_cat":[158,204,206],"product_tag":[],"class_list":{"0":"post-15532","1":"product","2":"type-product","3":"status-publish","4":"has-post-thumbnail","6":"product_cat-hobusele","7":"product_cat-putukatorje-vahendid","8":"product_cat-putukamaskid","10":"first","11":"instock","12":"taxable","13":"shipping-taxable","14":"purchasable","15":"product-type-variable"},"_links":{"self":[{"href":"https:\/\/www.allforhorses.ee\/en\/wp-json\/wp\/v2\/product\/15532","targetHints":{"allow":["GET"]}}],"collection":[{"href":"https:\/\/www.allforhorses.ee\/en\/wp-json\/wp\/v2\/product"}],"about":[{"href":"https:\/\/www.allforhorses.ee\/en\/wp-json\/wp\/v2\/types\/product"}],"wp:featuredmedia":[{"embeddable":true,"href":"https:\/\/www.allforhorses.ee\/en\/wp-json\/wp\/v2\/media\/24959"}],"wp:attachment":[{"href":"https:\/\/www.allforhorses.ee\/en\/wp-json\/wp\/v2\/media?parent=15532"}],"wp:term":[{"taxonomy":"product_brand","embeddable":true,"href":"https:\/\/www.allforhorses.ee\/en\/wp-json\/wp\/v2\/product_brand?post=15532"},{"taxonomy":"product_cat","embeddable":true,"href":"https:\/\/www.allforhorses.ee\/en\/wp-json\/wp\/v2\/product_cat?post=15532"},{"taxonomy":"product_tag","embeddable":true,"href":"https:\/\/www.allforhorses.ee\/en\/wp-json\/wp\/v2\/product_tag?post=15532"}],"curies":[{"name":"wp","href":"https:\/\/api.w.org\/{rel}","templated":true}]}}