{"id":13871,"date":"2020-12-07T19:30:41","date_gmt":"2020-12-07T19:30:41","guid":{"rendered":"https:\/\/www.allforhorses.ee\/?post_type=product&#038;p=13871"},"modified":"2022-10-03T08:22:58","modified_gmt":"2022-10-03T08:22:58","slug":"hkm-jope-sport-ladies","status":"publish","type":"product","link":"https:\/\/www.allforhorses.ee\/en\/toode\/hkm-jope-sport-ladies\/","title":{"rendered":"HKM Jope &#8220;Sport Ladies&#8221;"},"content":{"rendered":"","protected":false},"excerpt":{"rendered":"<p><strong>HKM Jope &#8220;Sport Ladies&#8221; <\/strong>on tuulekindel, hingav(3000 ml m\u00b2\/24 h), veekindel(3.000 mm). Taljesse hoidev kuju. Esik\u00fcljel on 2 taskut, eemaldatav kaputs.<br \/>\nMasinpestav 30 kraadi juures.<\/p>\n<p><em>HKM Jope &#8220;Sport Ladies&#8221; on ainult ettetellimisel(tarne u 14 t\u00f6\u00f6p\u00e4eva).<\/em><\/p>\n","protected":false},"featured_media":18365,"template":"","meta":[],"product_brand":[],"product_cat":[109,122,123],"product_tag":[],"class_list":{"0":"post-13871","1":"product","2":"type-product","3":"status-publish","4":"has-post-thumbnail","6":"product_cat-ratsariided","7":"product_cat-ratsajoped-ja-vestid","8":"product_cat-ratsajoped-ja-mantlid","10":"first","11":"instock","12":"taxable","13":"shipping-taxable","14":"purchasable","15":"product-type-variable"},"_links":{"self":[{"href":"https:\/\/www.allforhorses.ee\/en\/wp-json\/wp\/v2\/product\/13871","targetHints":{"allow":["GET"]}}],"collection":[{"href":"https:\/\/www.allforhorses.ee\/en\/wp-json\/wp\/v2\/product"}],"about":[{"href":"https:\/\/www.allforhorses.ee\/en\/wp-json\/wp\/v2\/types\/product"}],"wp:featuredmedia":[{"embeddable":true,"href":"https:\/\/www.allforhorses.ee\/en\/wp-json\/wp\/v2\/media\/18365"}],"wp:attachment":[{"href":"https:\/\/www.allforhorses.ee\/en\/wp-json\/wp\/v2\/media?parent=13871"}],"wp:term":[{"taxonomy":"product_brand","embeddable":true,"href":"https:\/\/www.allforhorses.ee\/en\/wp-json\/wp\/v2\/product_brand?post=13871"},{"taxonomy":"product_cat","embeddable":true,"href":"https:\/\/www.allforhorses.ee\/en\/wp-json\/wp\/v2\/product_cat?post=13871"},{"taxonomy":"product_tag","embeddable":true,"href":"https:\/\/www.allforhorses.ee\/en\/wp-json\/wp\/v2\/product_tag?post=13871"}],"curies":[{"name":"wp","href":"https:\/\/api.w.org\/{rel}","templated":true}]}}