{"id":13854,"date":"2020-12-07T19:21:05","date_gmt":"2020-12-07T19:21:05","guid":{"rendered":"https:\/\/www.allforhorses.ee\/?post_type=product&#038;p=13854"},"modified":"2022-10-03T08:22:34","modified_gmt":"2022-10-03T08:22:34","slug":"hkm-mantel-preston","status":"publish","type":"product","link":"https:\/\/www.allforhorses.ee\/en\/toode\/hkm-mantel-preston\/","title":{"rendered":"HKM Mantel &#8220;Preston&#8221;"},"content":{"rendered":"","protected":false},"excerpt":{"rendered":"<p><strong>HKM Mantel &#8220;Preston&#8221;(extra long)<br \/>\n<\/strong> Esik\u00fcljel on 2 taskut, kaksipidi k\u00e4iv t\u00f5mbluk, tagumisel k\u00fcljel integreeritud l\u00f5hikud, eemaldatav kaputs.<br \/>\nMasinpestav 30 kraadi juures.<\/p>\n<p><em>Mantel &#8220;Preston&#8221; on ainult ettetellimisel(tarne 10-14 t\u00f6\u00f6p\u00e4eva).<\/em><\/p>\n","protected":false},"featured_media":18287,"template":"","meta":[],"product_brand":[],"product_cat":[109,122,123],"product_tag":[],"class_list":{"0":"post-13854","1":"product","2":"type-product","3":"status-publish","4":"has-post-thumbnail","6":"product_cat-ratsariided","7":"product_cat-ratsajoped-ja-vestid","8":"product_cat-ratsajoped-ja-mantlid","10":"first","11":"instock","12":"taxable","13":"shipping-taxable","14":"purchasable","15":"product-type-variable"},"_links":{"self":[{"href":"https:\/\/www.allforhorses.ee\/en\/wp-json\/wp\/v2\/product\/13854","targetHints":{"allow":["GET"]}}],"collection":[{"href":"https:\/\/www.allforhorses.ee\/en\/wp-json\/wp\/v2\/product"}],"about":[{"href":"https:\/\/www.allforhorses.ee\/en\/wp-json\/wp\/v2\/types\/product"}],"wp:featuredmedia":[{"embeddable":true,"href":"https:\/\/www.allforhorses.ee\/en\/wp-json\/wp\/v2\/media\/18287"}],"wp:attachment":[{"href":"https:\/\/www.allforhorses.ee\/en\/wp-json\/wp\/v2\/media?parent=13854"}],"wp:term":[{"taxonomy":"product_brand","embeddable":true,"href":"https:\/\/www.allforhorses.ee\/en\/wp-json\/wp\/v2\/product_brand?post=13854"},{"taxonomy":"product_cat","embeddable":true,"href":"https:\/\/www.allforhorses.ee\/en\/wp-json\/wp\/v2\/product_cat?post=13854"},{"taxonomy":"product_tag","embeddable":true,"href":"https:\/\/www.allforhorses.ee\/en\/wp-json\/wp\/v2\/product_tag?post=13854"}],"curies":[{"name":"wp","href":"https:\/\/api.w.org\/{rel}","templated":true}]}}