{"id":13214,"date":"2020-10-22T18:18:21","date_gmt":"2020-10-22T18:18:21","guid":{"rendered":"https:\/\/www.allforhorses.ee\/?post_type=product&#038;p=13214"},"modified":"2026-01-09T19:03:28","modified_gmt":"2026-01-09T19:03:28","slug":"cavalor-hobuse-taissoot-juniorix20-kg","status":"publish","type":"product","link":"https:\/\/www.allforhorses.ee\/en\/toode\/cavalor-hobuse-taissoot-juniorix20-kg\/","title":{"rendered":"Cavalor Hobuse T\u00e4iss\u00f6\u00f6t Juniorix(20 kg)"},"content":{"rendered":"<div class=\"wpb-content-wrapper\"><p>[vc_row][vc_column][vc_column_text css=&#8221;&#8221; css_params=&#8221;&#8221;]<\/p>\n<p style=\"font-weight: 400;\"><strong><em>Koostis<\/em><\/strong><em>: Kaer, Linaseemnekestad, Nisukliid, Odrahelbed, Paisutatud oder, Peedi melass, Paisutatud mais, Speltakered, Linaseemned, Purustatud \u00f5liseemned, R\u00f6stitud sojaoad, Sojaoa kestad, Rapsiseemnejahu, Nisu, P\u00e4evalilleseemnejahu, \u00d5llep\u00e4rm, Kaltsiumkarbonaat, Frukto-oligosahhariidid, Naatriumkloriid, Oder, H\u00fcdreeritud magneesiumsilikaat, Soja\u00f5li, Maisi lik\u00f6\u00f6r<\/em><\/p>\n<p style=\"font-weight: 400;\"><strong><em>Anal\u00fc\u00fctiline koostis \/ KG:<br \/>\n<\/em><\/strong><em>Ewpa\/kg 0,81<\/em><\/p>\n<p style=\"font-weight: 400;\"><em>VREp(g) 94<\/p>\n<p>Toorvalk \u2013 12.5 %<br \/>\nToorrasv \u2013 4.9 %<br \/>\nToortuhk \u2013 7.6 %<br \/>\nToorkiud \u2013 11,6 %<br \/>\nKaltsium \u2013 1.06 %<br \/>\nMagneesium \u2013 0.35 %<br \/>\nFosfor \u2013 0.64 %<br \/>\nNaatrium \u2013 0.3 %<br \/>\nT\u00e4rklis &#8211; 24,5 %<br \/>\nSuhkrud \u2013 5,6 %<\/p>\n<p><strong>Lisandid \/KG<br \/>\nToitev\u00e4\u00e4rtuse lisandid:<br \/>\n<\/strong>25 000 I.U. vitamiin A (3a672a) \/ 2500 I.U. vitamiin D3 (3a671) \/ 426 mg vitamiin E (3a700) \/ 2mg vitamiin B1 (3a821) \/ 254 mg koliinkloriid (3a890) \/ 116 mg raud (3b103) \/ 1,60 mg jood (3b202) \/ 0,43 mg koobalt (3b304) \/ 74 mg vask (3b405) \/ 15 mg vask (3b413) \/ 204 mg mangaan (3b503) \/ 15 mg mangaan (3b506) \/ 204 mg tsink (3b605) \/ 20 mg tsink (3b607) \/ 0,75 mg seleen (3b801) \/ 0,95 mg seleen (3b815)<\/em><\/p>\n<p style=\"font-weight: 400;\"><em>Tehnoloogilised lisandid: 433 mg ammoonium propionaat (1k284)<\/em><\/p>\n<p style=\"font-weight: 400;\">V\u00e4\u00e4rtused v\u00f5ivad partii kohta minimaalselt erineda. T\u00e4psed v\u00e4\u00e4rtused vaata pakendil<em>.<\/em><\/p>\n<p>[\/vc_column_text][\/vc_column][\/vc_row]<\/p>\n<\/div>","protected":false},"excerpt":{"rendered":"<p><strong>Cavalor Hobuse T\u00e4iss\u00f6\u00f6t Juniorix(20 kg)<\/strong> &#8211;<\/p>\n<p style=\"font-weight: 400;\"><strong>T\u00e4iss\u00f6\u00f6t, mis on loodud spetsiaalselt 1-3 aastastele kasvueas hobustele\u00a0.<\/strong><\/p>\n<ul style=\"font-weight: 400;\">\n<li><strong>Toetab soolestikku ja keha loomulikku kaitsev\u00f5imet<\/strong><\/li>\n<li><strong>Tasakaalustatud koostis \u00fchtlaseks kasvuks<\/strong><\/li>\n<li><strong>Aitab v\u00e4hendada probleeme OCD&#8217;ga ehk luukildudega<\/strong><\/li>\n<\/ul>\n<p style=\"font-weight: 400;\">\nCavalor Juniorix on tasakaalustatud ja k\u00f5rge toitev\u00e4\u00e4rtusega s\u00f6\u00f6t, mis toetab kasvavate hobuste \u00fchtlast arengut. K\u00f5rge mineraalide ja mikroelementide sisaldus tugeva ja paindliku lihas-skeleti s\u00fcsteemi jaoks. Sisaldab pre- ja probiootikume, mis tagavad terve seedimise ja tugeva loomuliku resistentsuse. Cavalor Juniorix on loodud, et toetada \u00fchtlast ja tervislikku kasvu, mis on \u00e4\u00e4rmiselt oluline tugeva hobuse arenguks.<\/p>\n<p style=\"font-weight: 400;\">Lisaks luude arengu olulisusele, on tugeva luustruktuuri arendamiseks h\u00e4davajalik eelk\u00f5ige hea luutihedus. Juniorix sisaldab ka Cavalor Nutri-Motion kontseptsiooni: optimaalne kaltsiumi\/fosfori\/magneesiumi suhe: hea luude kasvu ja tiheduse tagamiseks, mida t\u00e4iendavad orgaaniliselt imenduvad mikroelemendid \u2013 vask, tsink ja mangaan \u2013 tagavad luu- ja lihaskonna (luud, k\u00f5hred, sidemed ja k\u00f5\u00f5lused) hea arengu. Juniorix toetab k\u00f5hre kontrollitud ja \u00fchtlast konversiooni tugevateks ja k\u00f5vadeks luudeks.<\/p>\n<p style=\"font-weight: 400;\"><strong>Kasutamine<\/strong>:<\/p>\n<p style=\"font-weight: 400;\">300g kuni 400g \/ 100kg kehakaalu koha p\u00e4evas<\/p>\n<p style=\"font-weight: 400;\">600kg hobune peab seega p\u00e4evas saama 1,8kg kuni 2,4kgp\u00e4evas<\/p>\n<p style=\"font-weight: 400;\">P\u00e4evane kogus jaotada mitme s\u00f6\u00f6gikorra vahel.<\/p>\n<p style=\"font-weight: 400;\">Cavalor Juniorix &#8211; 1 liiter = 505 g \/ Cavalor s\u00f6\u00f6dakopsik\u00a0on 1,5 liitrit ehk 0,758 kg<\/p>\n<p style=\"font-weight: 400;\">NB: K\u00f5ik s\u00f6\u00f6dakopsikud ei ole sama mahutavusega. Kaalu oma kopsikut\u00e4ie t\u00e4pne mass, et teaksid, kui palju s\u00f6\u00f6dad.<\/p>\n<p style=\"font-weight: 400;\">Hea toitumise aluseks on \u00f6\u00f6p\u00e4evaringne veele ligip\u00e4\u00e4s ja piisav kogus kores\u00f6\u00f6ta (hein\/silo), mis on jaotatud mitme s\u00f6\u00f6tmiskorra peale p\u00e4evas. See on alus, mida saab t\u00e4iendada m\u00fcslide\/graanulitega. Lisan\u00fcansid tagavad s\u00f6\u00f6dalisandid. S\u00f6\u00f6da vastavalt vajadusele!<\/p>\n","protected":false},"featured_media":47623,"template":"","meta":[],"product_brand":[],"product_cat":[672,735,158],"product_tag":[],"class_list":{"0":"post-13214","1":"product","2":"type-product","3":"status-publish","4":"has-post-thumbnail","6":"product_cat-hobusoodad-hobusele","7":"product_cat-allahindlus","8":"product_cat-hobusele","10":"first","11":"instock","12":"sale","13":"taxable","14":"shipping-taxable","15":"purchasable","16":"product-type-simple"},"_links":{"self":[{"href":"https:\/\/www.allforhorses.ee\/en\/wp-json\/wp\/v2\/product\/13214","targetHints":{"allow":["GET"]}}],"collection":[{"href":"https:\/\/www.allforhorses.ee\/en\/wp-json\/wp\/v2\/product"}],"about":[{"href":"https:\/\/www.allforhorses.ee\/en\/wp-json\/wp\/v2\/types\/product"}],"wp:featuredmedia":[{"embeddable":true,"href":"https:\/\/www.allforhorses.ee\/en\/wp-json\/wp\/v2\/media\/47623"}],"wp:attachment":[{"href":"https:\/\/www.allforhorses.ee\/en\/wp-json\/wp\/v2\/media?parent=13214"}],"wp:term":[{"taxonomy":"product_brand","embeddable":true,"href":"https:\/\/www.allforhorses.ee\/en\/wp-json\/wp\/v2\/product_brand?post=13214"},{"taxonomy":"product_cat","embeddable":true,"href":"https:\/\/www.allforhorses.ee\/en\/wp-json\/wp\/v2\/product_cat?post=13214"},{"taxonomy":"product_tag","embeddable":true,"href":"https:\/\/www.allforhorses.ee\/en\/wp-json\/wp\/v2\/product_tag?post=13214"}],"curies":[{"name":"wp","href":"https:\/\/api.w.org\/{rel}","templated":true}]}}