{"id":12789,"date":"2020-09-23T08:40:16","date_gmt":"2020-09-23T08:40:16","guid":{"rendered":"https:\/\/www.allforhorses.ee\/?post_type=product&#038;p=12789"},"modified":"2022-05-04T09:17:25","modified_gmt":"2022-05-04T09:17:25","slug":"laste-ratsapuksid-piccola-176cm","status":"publish","type":"product","link":"https:\/\/www.allforhorses.ee\/en\/toode\/laste-ratsapuksid-piccola-176cm\/","title":{"rendered":"Laste Ratsap\u00fcksid &#8220;Piccola&#8221; 176cm"},"content":{"rendered":"","protected":false},"excerpt":{"rendered":"<p><strong>Laste Ratsap\u00fcksid &#8220;Piccola&#8221; <\/strong>on pehmed ja mugavad. P\u00fcksid on alt elastse s\u00e4\u00e4reosaga ja silikoonist p\u00f5lvegrippidega. Masinpestav 30-kraadi juures. Materjal: 95% puuvill, 5% elastaan.<\/p>\n<p>V\u00e4rv: valge.<br \/>\nSuurus: 176.<\/p>\n","protected":false},"featured_media":12810,"template":"","meta":[],"product_brand":[],"product_cat":[109,114,117],"product_tag":[],"class_list":{"0":"post-12789","1":"product","2":"type-product","3":"status-publish","4":"has-post-thumbnail","6":"product_cat-ratsariided","7":"product_cat-ratsapuksid","8":"product_cat-laste-ratsapuksid","10":"first","11":"instock","12":"taxable","13":"shipping-taxable","14":"purchasable","15":"product-type-simple"},"_links":{"self":[{"href":"https:\/\/www.allforhorses.ee\/en\/wp-json\/wp\/v2\/product\/12789","targetHints":{"allow":["GET"]}}],"collection":[{"href":"https:\/\/www.allforhorses.ee\/en\/wp-json\/wp\/v2\/product"}],"about":[{"href":"https:\/\/www.allforhorses.ee\/en\/wp-json\/wp\/v2\/types\/product"}],"wp:featuredmedia":[{"embeddable":true,"href":"https:\/\/www.allforhorses.ee\/en\/wp-json\/wp\/v2\/media\/12810"}],"wp:attachment":[{"href":"https:\/\/www.allforhorses.ee\/en\/wp-json\/wp\/v2\/media?parent=12789"}],"wp:term":[{"taxonomy":"product_brand","embeddable":true,"href":"https:\/\/www.allforhorses.ee\/en\/wp-json\/wp\/v2\/product_brand?post=12789"},{"taxonomy":"product_cat","embeddable":true,"href":"https:\/\/www.allforhorses.ee\/en\/wp-json\/wp\/v2\/product_cat?post=12789"},{"taxonomy":"product_tag","embeddable":true,"href":"https:\/\/www.allforhorses.ee\/en\/wp-json\/wp\/v2\/product_tag?post=12789"}],"curies":[{"name":"wp","href":"https:\/\/api.w.org\/{rel}","templated":true}]}}