{"id":12257,"date":"2020-05-26T12:36:01","date_gmt":"2020-05-26T12:36:01","guid":{"rendered":"https:\/\/www.allforhorses.ee\/?post_type=product&#038;p=12257"},"modified":"2024-07-24T11:41:51","modified_gmt":"2024-07-24T11:41:51","slug":"tumesinine-putukatekk-donoma115cm","status":"publish","type":"product","link":"https:\/\/www.allforhorses.ee\/en\/toode\/tumesinine-putukatekk-donoma115cm\/","title":{"rendered":"Pfiff Putukatekk &#8220;Donoma&#8221;(115cm)"},"content":{"rendered":"","protected":false},"excerpt":{"rendered":"<p><b>Sinine putukatekk &#8220;Donoma&#8221; <\/b>kaitseb hobuseid s\u00e4\u00e4skede ja k\u00e4rbeste eest. Tekil on metallist kinnitused. V\u00e4ga tugev ja vastupidav. Putukatekk on masinpestav 30 kraadise pesuprogrammiga, 100% pol\u00fcester.<\/p>\n","protected":false},"featured_media":12265,"template":"","meta":[],"product_brand":[],"product_cat":[158,244,248,204,207],"product_tag":[],"class_list":{"0":"post-12257","1":"product","2":"type-product","3":"status-publish","4":"has-post-thumbnail","6":"product_cat-hobusele","7":"product_cat-hobuste-tekid-tarvikud","8":"product_cat-putukatekid-hobuste-tekid-tarvikud","9":"product_cat-putukatorje-vahendid","10":"product_cat-putukatekid","12":"first","13":"instock","14":"taxable","15":"shipping-taxable","16":"purchasable","17":"product-type-variable"},"_links":{"self":[{"href":"https:\/\/www.allforhorses.ee\/en\/wp-json\/wp\/v2\/product\/12257","targetHints":{"allow":["GET"]}}],"collection":[{"href":"https:\/\/www.allforhorses.ee\/en\/wp-json\/wp\/v2\/product"}],"about":[{"href":"https:\/\/www.allforhorses.ee\/en\/wp-json\/wp\/v2\/types\/product"}],"wp:featuredmedia":[{"embeddable":true,"href":"https:\/\/www.allforhorses.ee\/en\/wp-json\/wp\/v2\/media\/12265"}],"wp:attachment":[{"href":"https:\/\/www.allforhorses.ee\/en\/wp-json\/wp\/v2\/media?parent=12257"}],"wp:term":[{"taxonomy":"product_brand","embeddable":true,"href":"https:\/\/www.allforhorses.ee\/en\/wp-json\/wp\/v2\/product_brand?post=12257"},{"taxonomy":"product_cat","embeddable":true,"href":"https:\/\/www.allforhorses.ee\/en\/wp-json\/wp\/v2\/product_cat?post=12257"},{"taxonomy":"product_tag","embeddable":true,"href":"https:\/\/www.allforhorses.ee\/en\/wp-json\/wp\/v2\/product_tag?post=12257"}],"curies":[{"name":"wp","href":"https:\/\/api.w.org\/{rel}","templated":true}]}}