{"id":11194,"date":"2020-02-27T08:17:35","date_gmt":"2020-02-27T08:17:35","guid":{"rendered":"https:\/\/www.allforhorses.ee\/?post_type=product&#038;p=11194"},"modified":"2022-09-27T13:32:00","modified_gmt":"2022-09-27T13:32:00","slug":"horze-taiskasvanute-turvavest-titan","status":"publish","type":"product","link":"https:\/\/www.allforhorses.ee\/en\/toode\/horze-taiskasvanute-turvavest-titan\/","title":{"rendered":"Horze T\u00e4iskasvanute Turvavest &#8220;Titan&#8221;"},"content":{"rendered":"","protected":false},"excerpt":{"rendered":"<p><strong>Horze T\u00e4iskasvanute Turvavest &#8220;Titan&#8221;<\/strong> neelavad suurema osa l\u00f6\u00f6gij\u00f5ust, mis ratsaniku kukkumisel tekib. Turvavestil on ees t\u00f5mblukk, reguleeritav suurus taljel. Turvavesti on kerge hooldada.<br \/>\nSuurus: XS, S, M, L. V\u00e4rv: must.<br \/>\nTootja: HORZE INTERNATIONAL GMBH.<\/p>\n","protected":false},"featured_media":11196,"template":"","meta":[],"product_brand":[],"product_cat":[109,131],"product_tag":[],"class_list":{"0":"post-11194","1":"product","2":"type-product","3":"status-publish","4":"has-post-thumbnail","6":"product_cat-ratsariided","7":"product_cat-ratsakiivrid-turvavestid","9":"first","10":"instock","11":"taxable","12":"shipping-taxable","13":"purchasable","14":"product-type-variable"},"_links":{"self":[{"href":"https:\/\/www.allforhorses.ee\/en\/wp-json\/wp\/v2\/product\/11194","targetHints":{"allow":["GET"]}}],"collection":[{"href":"https:\/\/www.allforhorses.ee\/en\/wp-json\/wp\/v2\/product"}],"about":[{"href":"https:\/\/www.allforhorses.ee\/en\/wp-json\/wp\/v2\/types\/product"}],"wp:featuredmedia":[{"embeddable":true,"href":"https:\/\/www.allforhorses.ee\/en\/wp-json\/wp\/v2\/media\/11196"}],"wp:attachment":[{"href":"https:\/\/www.allforhorses.ee\/en\/wp-json\/wp\/v2\/media?parent=11194"}],"wp:term":[{"taxonomy":"product_brand","embeddable":true,"href":"https:\/\/www.allforhorses.ee\/en\/wp-json\/wp\/v2\/product_brand?post=11194"},{"taxonomy":"product_cat","embeddable":true,"href":"https:\/\/www.allforhorses.ee\/en\/wp-json\/wp\/v2\/product_cat?post=11194"},{"taxonomy":"product_tag","embeddable":true,"href":"https:\/\/www.allforhorses.ee\/en\/wp-json\/wp\/v2\/product_tag?post=11194"}],"curies":[{"name":"wp","href":"https:\/\/api.w.org\/{rel}","templated":true}]}}