{"id":11116,"date":"2020-01-30T19:08:17","date_gmt":"2020-01-30T19:08:17","guid":{"rendered":"https:\/\/www.allforhorses.ee\/?post_type=product&#038;p=11116"},"modified":"2026-02-14T20:05:38","modified_gmt":"2026-02-14T20:05:38","slug":"vulnos-blue-spray-200ml","status":"publish","type":"product","link":"https:\/\/www.allforhorses.ee\/en\/toode\/vulnos-blue-spray-200ml\/","title":{"rendered":"Vulnos Blue Spray 200ml"},"content":{"rendered":"","protected":false},"excerpt":{"rendered":"<p><strong>Vulnos Blue Spray 270ml <\/strong>&#8211; nahasprei, suspensioon.\u00a0Tumesinine homogeenne suspensioon. Kasutusalad: haavad (ka kirurgilised), bakteriaalsed s\u00f5rainfektsioonid.<\/p>\n<p>Puhastav, h\u00fcgieeniline ja hooldav nahapihusti k\u00f5igi loomaliikide naha jaoks. See puhastab nahapinnad, mida tuleb hooldada, ning toetab naha taastumisv\u00f5imet. Vulnos Blue Spray kuivab kiiresti ning sobib ideaalselt kasutamiseks ka kabjade l\u00f5ikamisel.<\/p>\n<p data-start=\"350\" data-end=\"369\"><strong>Kasutusjuhend:<\/strong> Pihusta piisavalt vedelikku nahale umbes 20 cm kauguselt. Vajadusel kasuta puuvillast vatitikku, et vedelikku \u00fchtlaselt hooldatavale pinnale jaotada. Korda protseduuri vastavalt vajadusele.<\/p>\n<p>Hoiatused: konteiner on r\u00f5hu all. Hoida p\u00e4ikesevalguse ja k\u00f5rgete temperatuuride (\u00fcle 50\u00baC) eest kaitstuna. Konteinerit mitte purustada ega p\u00f5letada, ka mitte p\u00e4rast kasutamist. \u00a0Hoida lastele k\u00e4ttesaamatus kohas. Ilma piisava ventilatsioonita v\u00f5ivad tekkida plahvatusohtlikud segud. V\u00e4ga tuleohtlik!<\/p>\n","protected":false},"featured_media":46123,"template":"","meta":[],"product_brand":[],"product_cat":[259],"product_tag":[],"class_list":{"0":"post-11116","1":"product","2":"type-product","3":"status-publish","4":"has-post-thumbnail","6":"product_cat-hobuste-tervisehoid","8":"first","9":"instock","10":"taxable","11":"shipping-taxable","12":"purchasable","13":"product-type-simple"},"_links":{"self":[{"href":"https:\/\/www.allforhorses.ee\/en\/wp-json\/wp\/v2\/product\/11116","targetHints":{"allow":["GET"]}}],"collection":[{"href":"https:\/\/www.allforhorses.ee\/en\/wp-json\/wp\/v2\/product"}],"about":[{"href":"https:\/\/www.allforhorses.ee\/en\/wp-json\/wp\/v2\/types\/product"}],"wp:featuredmedia":[{"embeddable":true,"href":"https:\/\/www.allforhorses.ee\/en\/wp-json\/wp\/v2\/media\/46123"}],"wp:attachment":[{"href":"https:\/\/www.allforhorses.ee\/en\/wp-json\/wp\/v2\/media?parent=11116"}],"wp:term":[{"taxonomy":"product_brand","embeddable":true,"href":"https:\/\/www.allforhorses.ee\/en\/wp-json\/wp\/v2\/product_brand?post=11116"},{"taxonomy":"product_cat","embeddable":true,"href":"https:\/\/www.allforhorses.ee\/en\/wp-json\/wp\/v2\/product_cat?post=11116"},{"taxonomy":"product_tag","embeddable":true,"href":"https:\/\/www.allforhorses.ee\/en\/wp-json\/wp\/v2\/product_tag?post=11116"}],"curies":[{"name":"wp","href":"https:\/\/api.w.org\/{rel}","templated":true}]}}