{"id":10991,"date":"2020-01-22T19:44:11","date_gmt":"2020-01-22T19:44:11","guid":{"rendered":"https:\/\/www.allforhorses.ee\/?post_type=product&#038;p=10991"},"modified":"2025-06-20T11:25:44","modified_gmt":"2025-06-20T11:25:44","slug":"karjuselint-turbomax-t12","status":"publish","type":"product","link":"https:\/\/www.allforhorses.ee\/en\/toode\/karjuselint-turbomax-t12\/","title":{"rendered":"Karjuselint &#8220;Turbomax T12&#8221;"},"content":{"rendered":"","protected":false},"excerpt":{"rendered":"<p><strong>Karjuselint &#8220;Turbomax T12&#8221;<\/strong> &#8211; 12mm, 200m, 0,14 \u03a9\/m, TLD-max, tugevdatud v\u00e4lis\u00e4\u00e4red.<\/p>\n","protected":false},"featured_media":10992,"template":"","meta":[],"product_brand":[],"product_cat":[145,153],"product_tag":[],"class_list":{"0":"post-10991","1":"product","2":"type-product","3":"status-publish","4":"has-post-thumbnail","6":"product_cat-talli","7":"product_cat-elektrikarjuse-lindid-ja-tarvikud","9":"first","10":"instock","11":"taxable","12":"shipping-taxable","13":"purchasable","14":"product-type-simple"},"_links":{"self":[{"href":"https:\/\/www.allforhorses.ee\/en\/wp-json\/wp\/v2\/product\/10991","targetHints":{"allow":["GET"]}}],"collection":[{"href":"https:\/\/www.allforhorses.ee\/en\/wp-json\/wp\/v2\/product"}],"about":[{"href":"https:\/\/www.allforhorses.ee\/en\/wp-json\/wp\/v2\/types\/product"}],"wp:featuredmedia":[{"embeddable":true,"href":"https:\/\/www.allforhorses.ee\/en\/wp-json\/wp\/v2\/media\/10992"}],"wp:attachment":[{"href":"https:\/\/www.allforhorses.ee\/en\/wp-json\/wp\/v2\/media?parent=10991"}],"wp:term":[{"taxonomy":"product_brand","embeddable":true,"href":"https:\/\/www.allforhorses.ee\/en\/wp-json\/wp\/v2\/product_brand?post=10991"},{"taxonomy":"product_cat","embeddable":true,"href":"https:\/\/www.allforhorses.ee\/en\/wp-json\/wp\/v2\/product_cat?post=10991"},{"taxonomy":"product_tag","embeddable":true,"href":"https:\/\/www.allforhorses.ee\/en\/wp-json\/wp\/v2\/product_tag?post=10991"}],"curies":[{"name":"wp","href":"https:\/\/api.w.org\/{rel}","templated":true}]}}