{"id":10854,"date":"2020-01-08T16:13:50","date_gmt":"2020-01-08T16:13:50","guid":{"rendered":"https:\/\/www.allforhorses.ee\/?post_type=product&#038;p=10854"},"modified":"2026-02-23T14:06:50","modified_gmt":"2026-02-23T14:06:50","slug":"cavalor-hobuse-taiendsoot-calm","status":"publish","type":"product","link":"https:\/\/www.allforhorses.ee\/en\/toode\/cavalor-hobuse-taiendsoot-calm\/","title":{"rendered":"Cavalor Hobuse T\u00e4iends\u00f6\u00f6t Calm"},"content":{"rendered":"<div class=\"wpb-content-wrapper\"><p>[vc_row][vc_column][vc_column_text]Cavalor Calm sisaldab: magneesiumi, tr\u00fcptofaani, \u00fcrte, vitamiine B1, B6 ja B12\u00b4t. Cavalor Calm ei sisalda v\u00f5istlusspordis keelatuid aineid.<br \/>\n<strong>Koostis:<\/strong> dekstroos, magneesiumoksiid.<br \/>\n<strong>Anal\u00fc\u00fctiline koostis:<\/strong> Toorvalku &#8211; 4,2% Toorrasva &#8211; 0% Tuhk &#8211; 14.6% Toorkiud &#8211; 0% Kaltsium &#8211; 0.5% Fosfor &#8211; 0.01% Naatrium &#8211; 0,01% Tr\u00fcptofaan &#8211; 5% (stressi v\u00e4hendamiseks kasulik) Magneesium &#8211; 7.1% (lihastele kasulik) Vitamiinid\/kg: B1 &#8211; 3500mg B6 &#8211; 2500mg B12 &#8211; 152mg[\/vc_column_text][\/vc_column][\/vc_row]<\/p>\n<\/div>","protected":false},"excerpt":{"rendered":"<p><strong>Cavalor Hobuse T\u00e4iends\u00f6\u00f6t Calm <\/strong>&#8211; toidulisand rahustava ja l\u00f5\u00f5gastava efektiga noortele ja kogenematutele hobustele. Paljud v\u00f5istlushobused ei kasuta oma t\u00e4it potentsiaali t\u00e4nu stressile. Cavalor Calm v\u00f5ib siin olla vastuseks. Cavalor Calm ennetab ja eemaldab s\u00fcmptomid, mis p\u00f5hjustavad stressi. Hobused, kes esinevad h\u00e4sti treeningutel, v\u00f5ivad kaotada oma suurep\u00e4rased v\u00f5imed t\u00e4nu stressile, mis on p\u00f5hjustatud transpordist, majutusest v\u00f5\u00f5ras tallis, uuest v\u00f5istluskeskkonnast ja selle segavatest faktoritest. Selle tulemusena kuuletuvad nad v\u00e4hem ja teevad teinekord ootamatuid liigutusi. Stress noortel hobustel on p\u00f5hjustatud hirmust etteaimamatute tegevuste ees ning kogenematusest, mille tulemusena v\u00f5ivad nad ettearvamatult reageerida. Stress mitte ainult ei m\u00f5juta hobuse v\u00f5imekust vaid ka tema \u00fcle\u00fcldist fooni. Seet\u00f5ttu on v\u00e4ga oluline v\u00e4ltida stressi. Lisaks s\u00f5itja v\u00f5i hooldaja rahustamisele on Cavalor Calm just see tugi hobusele, mida ta vajab, et oma stressist \u00fcle saada. Cavalor Calm on toidulisand, mille koostises on erinevad \u00fcrdid, mis omavad stressivastast toimet ja samal ajal ei muuda hobust kuuletumatuks. Cavalor Calm ei sisalda keelatuid aineid ning ei avalda negatiivset m\u00f5ju maksale ja neerudele. Cavalor Calm tagab head tulemused: \u2022 hobustega kes \u201cehmatavad\u201d v\u00f5istlustel \u2022 hobustega, kes on liiga temperamentsed treeningutel \u2022 hobustega, kes on altid stressile \u2022 t\u00e4kkudega, keda kasutatakse sporthobustena Cavalor Calm on spetsiaalselt koostatud hobustele, kes kogevad \u201eehmumist\u201c v\u00f5istlussituatsioonis ja v\u00e4hemal m\u00e4\u00e4ral hobustele, kes on krooniliselt n\u00e4rvilised. Cavalor Calm on igap\u00e4evane toidulisand, mille koostisse kuuluvad \u00fcrdid ja lisandid, mis v\u00e4hendavad hobuse h\u00fcperintensiivsust. \u00c4rrituvus m\u00fcrast, valgusest, varjudest, temperatuuri muutusest, ootamatutest liigutustest, teistest hobustest, veidratest situatsioonidest, jne. Cavalor Calm on rahustava efektiga, mis ei m\u00f5juta hobuse kontsentreerumise v\u00f5imet ega p\u00e4rsi tema v\u00f5imekust. Kuna Cavalor Calm on tugevalt lahjendatud, ei ole tal j\u00e4reltoimeid: ei teki j\u00e4\u00e4kaineid ega ebasobivaid efekte maksale ja neerudele. Iga hobune on individuaalne ja seet\u00f5ttu on neil k\u00f5igil ka erinevad vajadused.<br \/>\n<strong>Manustamine:<\/strong> On v\u00e4ga keeruline kindlaks m\u00e4\u00e4rata t\u00e4pset annust, mis just teie hobusele sobib. Saame soovitada \u00fcle\u00fcldised piirm\u00e4\u00e4rad, kuid parim lahendus peaks tulema t\u00e4psema proovimise tagaj\u00e4rjel teie hobusega. Meie soovituslik alg doos oleks 3 m\u00f5\u00f5telusikat p\u00e4evas (45 g), 2 \u2013 3 p\u00e4eva enne eeldatavat stressirohket s\u00fcndmust. Segada igap\u00e4evase s\u00f6\u00f6da ratsiooniga, soovituslikku doosi muuta vastavalt tulemustele. V\u00f5ib kasutada ka pikema perioodi jooksul, maksimaalselt 4 n\u00e4dalat j\u00e4riest. Pikema doseerimise l\u00f5ppedes v\u00e4henda doosi astmeliselt. Kui Cavalor Calmi kasutatakse pikema perioodi jooksul v\u00f5ib hobune \u00e4ra harjuda selle koostises olevaga. See aga v\u00e4hendab toimeainete m\u00f5ju ning toidulisandi efektiivsust. V\u00e4ltimaks harjumuse teket, soovitame kord kuus viia l\u00e4bi 10-ne p\u00e4evane periood, kus toodet ei manustata hobusele.<\/p>\n","protected":false},"featured_media":10857,"template":"","meta":[],"product_brand":[],"product_cat":[158,672,250,251,259],"product_tag":[],"class_list":{"0":"post-10854","1":"product","2":"type-product","3":"status-publish","4":"has-post-thumbnail","6":"product_cat-hobusele","7":"product_cat-hobusoodad-hobusele","8":"product_cat-maiustused","9":"product_cat-soodalisandid","10":"product_cat-hobuste-tervisehoid","12":"first","13":"instock","14":"taxable","15":"shipping-taxable","16":"purchasable","17":"product-type-variable"},"_links":{"self":[{"href":"https:\/\/www.allforhorses.ee\/en\/wp-json\/wp\/v2\/product\/10854","targetHints":{"allow":["GET"]}}],"collection":[{"href":"https:\/\/www.allforhorses.ee\/en\/wp-json\/wp\/v2\/product"}],"about":[{"href":"https:\/\/www.allforhorses.ee\/en\/wp-json\/wp\/v2\/types\/product"}],"wp:featuredmedia":[{"embeddable":true,"href":"https:\/\/www.allforhorses.ee\/en\/wp-json\/wp\/v2\/media\/10857"}],"wp:attachment":[{"href":"https:\/\/www.allforhorses.ee\/en\/wp-json\/wp\/v2\/media?parent=10854"}],"wp:term":[{"taxonomy":"product_brand","embeddable":true,"href":"https:\/\/www.allforhorses.ee\/en\/wp-json\/wp\/v2\/product_brand?post=10854"},{"taxonomy":"product_cat","embeddable":true,"href":"https:\/\/www.allforhorses.ee\/en\/wp-json\/wp\/v2\/product_cat?post=10854"},{"taxonomy":"product_tag","embeddable":true,"href":"https:\/\/www.allforhorses.ee\/en\/wp-json\/wp\/v2\/product_tag?post=10854"}],"curies":[{"name":"wp","href":"https:\/\/api.w.org\/{rel}","templated":true}]}}