{"id":10845,"date":"2020-01-08T16:05:45","date_gmt":"2020-01-08T16:05:45","guid":{"rendered":"https:\/\/www.allforhorses.ee\/?post_type=product&#038;p=10845"},"modified":"2024-08-15T18:57:44","modified_gmt":"2024-08-15T18:57:44","slug":"cavalor-hobuse-taiendsoot-resistvit-c","status":"publish","type":"product","link":"https:\/\/www.allforhorses.ee\/en\/toode\/cavalor-hobuse-taiendsoot-resistvit-c\/","title":{"rendered":"Cavalor Hobuse T\u00e4iends\u00f6\u00f6t Resist+Vit C"},"content":{"rendered":"<div class=\"wpb-content-wrapper\"><p>[vc_row][vc_column][vc_column_text]Cavalor\u00ae Resist + vit C sisaldab rasvhappeid, suures koguses vitamiin C&#8217;d ja lisa vitamiine, ravimtaimi ja nukleotiide. Cavalor\u00ae Resist + vit C on rikastatud isoleeritud vadakuvalgu \u00fchenditega, mis sisaldab immuuns\u00fcsteemi stimuleerivaid omadusi.<br \/>\n<strong>Koostis:<\/strong> vetikate ekstrakt, p\u00e4rm, mesinduse k\u00f5rvalsaadused, kaltsiumkarbonaat, vadaku proteiinipulber, magneesiumatsetaat, nisut\u00e4idised<br \/>\n<strong>Anal\u00fc\u00fctiline koostis:<\/strong> Toorvalk &#8211; 10% Toorrasv &#8211; 1% Tuhk &#8211; 30% Toorkiud &#8211; 2% Kaltsium &#8211; 7% Fosfor &#8211; 3,5% Vitamiin E &#8211; 3000 mg\/kg Vitamiin C &#8211; 135 000 mg\/kg.[\/vc_column_text][\/vc_column][\/vc_row]<\/p>\n<\/div>","protected":false},"excerpt":{"rendered":"<p><strong>Cavalor Hobuse T\u00e4iends\u00f6\u00f6t Resist+Vit C <\/strong>on loodud spetsiaalselt selleks, et tugevndada hobuse immuuns\u00fcsteemi. See on v\u00e4ga t\u00f5hus immuuns\u00fcsteemi tugevndaja hobustele karvavahetus perioodil kui ka asukoha vahetusel (talli vahetus, erinevad v\u00f5istluspaigad, transportimine, jne). V\u00f5istlushooajal on hobune pidevalt stressis, see on tingitud pidevast transportimisest ja uutest keskkondadest, mis m\u00f5jutavad tema immuuns\u00fcsteemi. Eriti n\u00f5rgeneb nende vastupanuv\u00f5ime v\u00f5istlushobustel, kes on pidevas liikumises erinevate v\u00f5istluste vahel. Nendel on ka suurem risk puutuda kokku erinevate bakterite ja pisikutega kuna nad puutuvad kokku suure hulga erinevate hobustega, kellelt v\u00f5ivad levida erinevad bakterid ja viiruse infektsioonid. Selle takistamiseks peab hobune tugevndama oma vastupanuv\u00f5imet, mille abimeheks Cavalor\u00ae Resist + vit C ideaalselt sobib. Cavalor\u00ae Resist + vit C on t\u00e4iends\u00f6\u00f6t toitainete taastamiseks ning parandamiseks, mida kasutavad paljud sportlased ja tallid. Ta sisaldab endas spetsiaalseid toitaineid ja k\u00f5rgekvaliteedilisi biloogilisi \u00fchendeid, mida \u00fcks hobuse keha vajada v\u00f5iks. Eriti perioodidel, millal stress on suur ja keha vajaks tuge, et vastupanuv\u00f5ime s\u00e4iliks. Parimaks viirustega v\u00f5itlemiseks on tugev immuuns\u00fcsteem, mis kaitseb hobuse organismi. Tugeva vastupanuv\u00f5imega hobused on v\u00e4hem vastuv\u00f5tlikud vigastustele. Cavalor\u00ae Resist + vit C on kasulik ka hobustele, kellel on k\u00e4sil taastumine p\u00f5etud vigastusest v\u00f5i haigusest!<br \/>\n<strong>Manustamine:<\/strong> Soovituslik kogus t\u00e4iskasvanud hobustele 45g p\u00e4evas, noorhobustele ja ponidele 30g p\u00e4evas.<br \/>\nKaitse ja enneta oma hobust viiruste eest ning v\u00e4ldi t\u00fchje v\u00f5istlusreise kasutades Cavalor\u00ae Resist + vit C&#8217;d, et hoida oma hobuse vastupanuv\u00f5ime tugev.<\/p>\n","protected":false},"featured_media":10852,"template":"","meta":[],"product_brand":[],"product_cat":[158,672,250,251,259],"product_tag":[],"class_list":{"0":"post-10845","1":"product","2":"type-product","3":"status-publish","4":"has-post-thumbnail","6":"product_cat-hobusele","7":"product_cat-hobusoodad-hobusele","8":"product_cat-maiustused","9":"product_cat-soodalisandid","10":"product_cat-hobuste-tervisehoid","12":"first","13":"outofstock","14":"taxable","15":"shipping-taxable","16":"purchasable","17":"product-type-variable"},"_links":{"self":[{"href":"https:\/\/www.allforhorses.ee\/en\/wp-json\/wp\/v2\/product\/10845","targetHints":{"allow":["GET"]}}],"collection":[{"href":"https:\/\/www.allforhorses.ee\/en\/wp-json\/wp\/v2\/product"}],"about":[{"href":"https:\/\/www.allforhorses.ee\/en\/wp-json\/wp\/v2\/types\/product"}],"wp:featuredmedia":[{"embeddable":true,"href":"https:\/\/www.allforhorses.ee\/en\/wp-json\/wp\/v2\/media\/10852"}],"wp:attachment":[{"href":"https:\/\/www.allforhorses.ee\/en\/wp-json\/wp\/v2\/media?parent=10845"}],"wp:term":[{"taxonomy":"product_brand","embeddable":true,"href":"https:\/\/www.allforhorses.ee\/en\/wp-json\/wp\/v2\/product_brand?post=10845"},{"taxonomy":"product_cat","embeddable":true,"href":"https:\/\/www.allforhorses.ee\/en\/wp-json\/wp\/v2\/product_cat?post=10845"},{"taxonomy":"product_tag","embeddable":true,"href":"https:\/\/www.allforhorses.ee\/en\/wp-json\/wp\/v2\/product_tag?post=10845"}],"curies":[{"name":"wp","href":"https:\/\/api.w.org\/{rel}","templated":true}]}}