{"id":10633,"date":"2019-12-09T19:50:21","date_gmt":"2019-12-09T19:50:21","guid":{"rendered":"https:\/\/www.allforhorses.ee\/?post_type=product&#038;p=10633"},"modified":"2023-12-10T19:12:51","modified_gmt":"2023-12-10T19:12:51","slug":"vaike-soodakuhvel","status":"publish","type":"product","link":"https:\/\/www.allforhorses.ee\/en\/toode\/vaike-soodakuhvel\/","title":{"rendered":"V\u00e4ike S\u00f6\u00f6dak\u00fchvel"},"content":{"rendered":"","protected":false},"excerpt":{"rendered":"<p><strong>V\u00e4ike s\u00f6\u00f6dak\u00fchvel<\/strong> &#8211; 500g.<\/p>\n","protected":false},"featured_media":10638,"template":"","meta":[],"product_brand":[],"product_cat":[145,151],"product_tag":[],"class_list":{"0":"post-10633","1":"product","2":"type-product","3":"status-publish","4":"has-post-thumbnail","6":"product_cat-talli","7":"product_cat-soodakuhvlid","9":"first","10":"outofstock","11":"taxable","12":"shipping-taxable","13":"purchasable","14":"product-type-simple"},"_links":{"self":[{"href":"https:\/\/www.allforhorses.ee\/en\/wp-json\/wp\/v2\/product\/10633","targetHints":{"allow":["GET"]}}],"collection":[{"href":"https:\/\/www.allforhorses.ee\/en\/wp-json\/wp\/v2\/product"}],"about":[{"href":"https:\/\/www.allforhorses.ee\/en\/wp-json\/wp\/v2\/types\/product"}],"wp:featuredmedia":[{"embeddable":true,"href":"https:\/\/www.allforhorses.ee\/en\/wp-json\/wp\/v2\/media\/10638"}],"wp:attachment":[{"href":"https:\/\/www.allforhorses.ee\/en\/wp-json\/wp\/v2\/media?parent=10633"}],"wp:term":[{"taxonomy":"product_brand","embeddable":true,"href":"https:\/\/www.allforhorses.ee\/en\/wp-json\/wp\/v2\/product_brand?post=10633"},{"taxonomy":"product_cat","embeddable":true,"href":"https:\/\/www.allforhorses.ee\/en\/wp-json\/wp\/v2\/product_cat?post=10633"},{"taxonomy":"product_tag","embeddable":true,"href":"https:\/\/www.allforhorses.ee\/en\/wp-json\/wp\/v2\/product_tag?post=10633"}],"curies":[{"name":"wp","href":"https:\/\/api.w.org\/{rel}","templated":true}]}}