{"id":10536,"date":"2019-12-04T14:06:36","date_gmt":"2019-12-04T14:06:36","guid":{"rendered":"https:\/\/www.allforhorses.ee\/?post_type=product&#038;p=10536"},"modified":"2023-09-14T11:02:45","modified_gmt":"2023-09-14T11:02:45","slug":"korvalekeeratav-sadulapuu","status":"publish","type":"product","link":"https:\/\/www.allforhorses.ee\/en\/toode\/korvalekeeratav-sadulapuu\/","title":{"rendered":"K\u00f5rvalekeeratav Sadulapuu"},"content":{"rendered":"","protected":false},"excerpt":{"rendered":"<p><strong>K\u00f5rvalekeeratav Sadulapuu<\/strong> sobib kasutamiseks nii treileris kui tallis.<\/p>\n<p>Sadulapuu on ainult ettetellimisel(tarneaeg on 10-14 t\u00f6\u00f6p\u00e4eva).<\/p>\n","protected":false},"featured_media":10539,"template":"","meta":[],"product_brand":[],"product_cat":[145],"product_tag":[],"class_list":{"0":"post-10536","1":"product","2":"type-product","3":"status-publish","4":"has-post-thumbnail","6":"product_cat-talli","8":"first","9":"instock","10":"taxable","11":"shipping-taxable","12":"purchasable","13":"product-type-simple"},"_links":{"self":[{"href":"https:\/\/www.allforhorses.ee\/en\/wp-json\/wp\/v2\/product\/10536","targetHints":{"allow":["GET"]}}],"collection":[{"href":"https:\/\/www.allforhorses.ee\/en\/wp-json\/wp\/v2\/product"}],"about":[{"href":"https:\/\/www.allforhorses.ee\/en\/wp-json\/wp\/v2\/types\/product"}],"wp:featuredmedia":[{"embeddable":true,"href":"https:\/\/www.allforhorses.ee\/en\/wp-json\/wp\/v2\/media\/10539"}],"wp:attachment":[{"href":"https:\/\/www.allforhorses.ee\/en\/wp-json\/wp\/v2\/media?parent=10536"}],"wp:term":[{"taxonomy":"product_brand","embeddable":true,"href":"https:\/\/www.allforhorses.ee\/en\/wp-json\/wp\/v2\/product_brand?post=10536"},{"taxonomy":"product_cat","embeddable":true,"href":"https:\/\/www.allforhorses.ee\/en\/wp-json\/wp\/v2\/product_cat?post=10536"},{"taxonomy":"product_tag","embeddable":true,"href":"https:\/\/www.allforhorses.ee\/en\/wp-json\/wp\/v2\/product_tag?post=10536"}],"curies":[{"name":"wp","href":"https:\/\/api.w.org\/{rel}","templated":true}]}}