{"id":10511,"date":"2019-11-24T14:41:22","date_gmt":"2019-11-24T14:41:22","guid":{"rendered":"https:\/\/www.allforhorses.ee\/?post_type=product&#038;p=10511"},"modified":"2022-11-09T22:31:29","modified_gmt":"2022-11-09T22:31:29","slug":"heinavork-3","status":"publish","type":"product","link":"https:\/\/www.allforhorses.ee\/en\/toode\/heinavork-3\/","title":{"rendered":"Heinav\u00f5rk"},"content":{"rendered":"","protected":false},"excerpt":{"rendered":"<p><strong>Heinav\u00f5rk<\/strong>\u00a0sobib transportimiseks ning venitab hobusele heina s\u00f6\u00f6mise aeg pikemaks. Laius: 8cm; n\u00f6\u00f6ri \u00fcmberm\u00f5\u00f5t: 0,7cm. Materjal: 100% pol\u00fcprop\u00fcleen.<\/p>\n<p>V\u00e4rv: pruun.<\/p>\n<p>&nbsp;<\/p>\n","protected":false},"featured_media":10522,"template":"","meta":[],"product_brand":[],"product_cat":[145,152],"product_tag":[],"class_list":{"0":"post-10511","1":"product","2":"type-product","3":"status-publish","4":"has-post-thumbnail","6":"product_cat-talli","7":"product_cat-heinavorgud","9":"first","10":"outofstock","11":"taxable","12":"shipping-taxable","13":"purchasable","14":"product-type-simple"},"_links":{"self":[{"href":"https:\/\/www.allforhorses.ee\/en\/wp-json\/wp\/v2\/product\/10511","targetHints":{"allow":["GET"]}}],"collection":[{"href":"https:\/\/www.allforhorses.ee\/en\/wp-json\/wp\/v2\/product"}],"about":[{"href":"https:\/\/www.allforhorses.ee\/en\/wp-json\/wp\/v2\/types\/product"}],"wp:featuredmedia":[{"embeddable":true,"href":"https:\/\/www.allforhorses.ee\/en\/wp-json\/wp\/v2\/media\/10522"}],"wp:attachment":[{"href":"https:\/\/www.allforhorses.ee\/en\/wp-json\/wp\/v2\/media?parent=10511"}],"wp:term":[{"taxonomy":"product_brand","embeddable":true,"href":"https:\/\/www.allforhorses.ee\/en\/wp-json\/wp\/v2\/product_brand?post=10511"},{"taxonomy":"product_cat","embeddable":true,"href":"https:\/\/www.allforhorses.ee\/en\/wp-json\/wp\/v2\/product_cat?post=10511"},{"taxonomy":"product_tag","embeddable":true,"href":"https:\/\/www.allforhorses.ee\/en\/wp-json\/wp\/v2\/product_tag?post=10511"}],"curies":[{"name":"wp","href":"https:\/\/api.w.org\/{rel}","templated":true}]}}