{"id":10497,"date":"2019-11-24T14:30:38","date_gmt":"2019-11-24T14:30:38","guid":{"rendered":"https:\/\/www.allforhorses.ee\/?post_type=product&#038;p=10497"},"modified":"2022-05-05T12:16:52","modified_gmt":"2022-05-05T12:16:52","slug":"heinakott-2","status":"publish","type":"product","link":"https:\/\/www.allforhorses.ee\/en\/toode\/heinakott-2\/","title":{"rendered":"Heinakott"},"content":{"rendered":"","protected":false},"excerpt":{"rendered":"<p><strong>Heinakott<\/strong> 2 auguga, sobib hobuse transportimisel. V\u00e4rv: sinine.<\/p>\n<p><em>Heinav\u00f5rk on ainult ettetellimisel(10-14 t\u00f6\u00f6p\u00e4eva).<\/em><\/p>\n","protected":false},"featured_media":10500,"template":"","meta":[],"product_brand":[],"product_cat":[145,152],"product_tag":[],"class_list":{"0":"post-10497","1":"product","2":"type-product","3":"status-publish","4":"has-post-thumbnail","6":"product_cat-talli","7":"product_cat-heinavorgud","9":"first","10":"outofstock","11":"taxable","12":"shipping-taxable","13":"purchasable","14":"product-type-simple"},"_links":{"self":[{"href":"https:\/\/www.allforhorses.ee\/en\/wp-json\/wp\/v2\/product\/10497","targetHints":{"allow":["GET"]}}],"collection":[{"href":"https:\/\/www.allforhorses.ee\/en\/wp-json\/wp\/v2\/product"}],"about":[{"href":"https:\/\/www.allforhorses.ee\/en\/wp-json\/wp\/v2\/types\/product"}],"wp:featuredmedia":[{"embeddable":true,"href":"https:\/\/www.allforhorses.ee\/en\/wp-json\/wp\/v2\/media\/10500"}],"wp:attachment":[{"href":"https:\/\/www.allforhorses.ee\/en\/wp-json\/wp\/v2\/media?parent=10497"}],"wp:term":[{"taxonomy":"product_brand","embeddable":true,"href":"https:\/\/www.allforhorses.ee\/en\/wp-json\/wp\/v2\/product_brand?post=10497"},{"taxonomy":"product_cat","embeddable":true,"href":"https:\/\/www.allforhorses.ee\/en\/wp-json\/wp\/v2\/product_cat?post=10497"},{"taxonomy":"product_tag","embeddable":true,"href":"https:\/\/www.allforhorses.ee\/en\/wp-json\/wp\/v2\/product_tag?post=10497"}],"curies":[{"name":"wp","href":"https:\/\/api.w.org\/{rel}","templated":true}]}}