{"id":10093,"date":"2019-11-11T19:06:26","date_gmt":"2019-11-11T19:06:26","guid":{"rendered":"https:\/\/www.allforhorses.ee\/?post_type=product&#038;p=10093"},"modified":"2022-05-04T09:19:32","modified_gmt":"2022-05-04T09:19:32","slug":"tagajalakaitsmed-palena","status":"publish","type":"product","link":"https:\/\/www.allforhorses.ee\/en\/toode\/tagajalakaitsmed-palena\/","title":{"rendered":"Tagajalakaitsmed &#8220;Palena&#8221;"},"content":{"rendered":"","protected":false},"excerpt":{"rendered":"<p><b>Tagajalakaitsmed &#8220;Palena&#8221;\u00a0<\/b>kaitsevad hobuse jalgu. Kaitsmed kinnitatakse tugeva reguleeritava kr\u00f5psuga.\u00a0Suurus: Pony, Full.<\/p>\n<p>Jalakaitsmed on ainult ettetellimisel(tarneaeg 10-14 t\u00f6\u00f6p\u00e4eva).<\/p>\n","protected":false},"featured_media":10097,"template":"","meta":[],"product_brand":[],"product_cat":[158,236,238],"product_tag":[],"class_list":{"0":"post-10093","1":"product","2":"type-product","3":"status-publish","4":"has-post-thumbnail","6":"product_cat-hobusele","7":"product_cat-hobuste-jalakaitsmed-ja-kalossid","8":"product_cat-tagajalakaitsmed","10":"first","11":"outofstock","12":"taxable","13":"shipping-taxable","14":"purchasable","15":"product-type-variable"},"_links":{"self":[{"href":"https:\/\/www.allforhorses.ee\/en\/wp-json\/wp\/v2\/product\/10093","targetHints":{"allow":["GET"]}}],"collection":[{"href":"https:\/\/www.allforhorses.ee\/en\/wp-json\/wp\/v2\/product"}],"about":[{"href":"https:\/\/www.allforhorses.ee\/en\/wp-json\/wp\/v2\/types\/product"}],"wp:featuredmedia":[{"embeddable":true,"href":"https:\/\/www.allforhorses.ee\/en\/wp-json\/wp\/v2\/media\/10097"}],"wp:attachment":[{"href":"https:\/\/www.allforhorses.ee\/en\/wp-json\/wp\/v2\/media?parent=10093"}],"wp:term":[{"taxonomy":"product_brand","embeddable":true,"href":"https:\/\/www.allforhorses.ee\/en\/wp-json\/wp\/v2\/product_brand?post=10093"},{"taxonomy":"product_cat","embeddable":true,"href":"https:\/\/www.allforhorses.ee\/en\/wp-json\/wp\/v2\/product_cat?post=10093"},{"taxonomy":"product_tag","embeddable":true,"href":"https:\/\/www.allforhorses.ee\/en\/wp-json\/wp\/v2\/product_tag?post=10093"}],"curies":[{"name":"wp","href":"https:\/\/api.w.org\/{rel}","templated":true}]}}